{"id":54905,"date":"2025-04-23T07:47:40","date_gmt":"2025-04-23T07:47:40","guid":{"rendered":"https:\/\/www.sweco.dk\/sweco-transform-award\/sweco-transform-award-finalists\/"},"modified":"2025-04-23T09:35:37","modified_gmt":"2025-04-23T09:35:37","slug":"sweco-transform-award-finalists","status":"publish","type":"page","link":"https:\/\/www.sweco.dk\/en\/sweco-transform-award\/sweco-transform-award-finalists\/","title":{"rendered":"Sweco Transform Award finalists"},"content":{"rendered":"<section class=\"block hero hero--with-video\" >\n                <iframe loading=\"lazy\" title=\"2025_SWECO_TA_16-9_clean Video\" src=\"\" data-src-defer=\"https:\/\/fast.wistia.net\/embed\/iframe\/tu4v1x5ygq?dnt=1\" allow=\"autoplay; fullscreen\" allowtransparency=\"true\" frameborder=\"0\" scrolling=\"no\" class=\"wistia_embed\" name=\"wistia_embed\" msallowfullscreen width=\"640\" height=\"360\"><\/iframe><script src=\"\" data-src-defer=\"https:\/\/fast.wistia.net\/assets\/external\/E-v1.js\" async><\/script>                <div class=\"block__inner block__inner--end\">\n            <div class=\"col--6 editor-content \">\n                <h1>Sweco Transform Award finalists<\/h1>\n\n                            <\/div>\n        <\/div>\n    \n\t<\/section>\n\n\n\n\n<section class=\"block architects-intro block--white\" >\n\t<div class=\"block__inner architects-intro__inner\">\n\t\t<div class=\"col--11 col--start col--wrapper editor-content\">\n\t\t\t\t\t\t\t<div class=\"col col--5\">\n                    \n\t\t\t\t\t<h2 class=\"h1 hyphenate\">Meet the previous Sweco Transform Award finalists<\/h2>\t\t\t\t<\/div>\n\t\t\t\n\t\t\t\n            \t\t<\/div>\n\t<\/div>\n<\/section>\n\n\n<section class=\"block architects-intro block--white\" >\n\t<div class=\"block__inner architects-intro__inner\">\n\t\t<div class=\"col--11 col--start col--wrapper editor-content\">\n\t\t\t\t\t\t\t<div class=\"col col--5\">\n                    \n\t\t\t\t\t<h2 class=\"h1 hyphenate\">2024<\/h2>\t\t\t\t<\/div>\n\t\t\t\n\t\t\t\n            \t\t<\/div>\n\t<\/div>\n<\/section>\n\n\n<section class=\"block block--white grid\" >\n\t<div class=\"block__inner\">\n\t\t<div class=\"col--11 col--wrapper col--stretch\">\n\t\t\t\t\n\t\t\t\n\t\t\t<div class=\"col item item--1-3 col--4\"><div class=\"item__content editor-content\" data-clickable=\"false\"><h3><\/h3><p><strong>Mads Oien Nielsen &amp; Simon Pyll Truesen<\/strong><br \/>\nDet Kongelige Akademi<br \/>\n<em>Potentialet i Danmarks st\u00f8rste nedrivningssag &#8211; Unders\u00f8gelser af h\u00f8jt kvalificeret tr\u00e6 i nye funktioner<\/em><\/p>\n<p>The project \u2018Potentialet i Danmarks st\u00f8rste nedrivningssag &#8211; Unders\u00f8gelser af h\u00f8jt kvalificeret tr\u00e6 i nye funktioner\u2019 presents an innovative model for tackling the climate crisis and biodiversity challenges through material reuse. The project analyses circularity in the construction industry and develops a method to use recycled wood from abandoned mink farms for load-bearing structures. Through a thorough qualitative and quantitative analysis, the project shows how this wood can create architecturally valuable and sustainable column and beam systems. The project combines ancient building practices with modern production methods, contributing to a more sustainable building practice that reduces the need for virgin timber.<\/p>\n<\/div><\/div><div class=\"col item item--1-3 col--4\"><div class=\"item__content editor-content\" data-clickable=\"false\"><h3><\/h3><p><strong>Victor Carlsen &amp; Karlie Tsang<br \/>\n<\/strong>Det Kongelige Akademi<br \/>\n<em>Energy Landscapes \u2013 Beyond the Operational<\/em><\/p>\n<p>The project \u2018Energy Landscapes &#8211; Beyond the Operational\u2019 presents an innovative approach to the planning and design of renewable energy parks in Denmark, with a special focus on the government&#8217;s designation of 32 large onshore energy parks. Based on a planned energy park in Hiller\u00f8d Municipality, the project challenges the one-sided prioritisation of technical optimisation in large and monotonous facilities and instead proposes an alternative planning that takes rural life more into account. Through a new planning strategy, they propose a comprehensive redistribution of energy units that simultaneously integrates with other landscape interests such as wetland restoration, afforestation, and agriculture. This approach explores new spatial configurations and aesthetic perspectives that favour the coexistence of renewable energy production and the rural landscape.<\/p>\n<\/div><\/div><div class=\"col item item--1-3 col--4\"><div class=\"item__content editor-content\" data-clickable=\"false\"><h3><\/h3><p><strong>Laura Polkmane<\/strong><br \/>\nDet Kongelige Akademi<br \/>\n<em>Gone with the Cloud<br \/>\n<\/em><br \/>\nThe project \u2018Gone with the Cloud\u2019 investigates the spatial and environmental consequences of hyperscale data centres in Denmark, with a particular focus on Apple&#8217;s expansion in Viborg. Through an integrated approach, data space is co-located with agricultural research and practices, promoting sustainability and resource efficiency. By utilising excess waste heat and adapting the data centre to natural systems, the project aims to challenge the current data infrastructure and promote a new typology that enables flexible use as technology evolves. This initiative seeks to demystify the function of the data centre and creates a platform for public dialogue on data ethics and resource consumption.<\/p>\n<\/div><\/div><div class=\"col item item--1-3 col--4\"><div class=\"item__content editor-content\" data-clickable=\"false\"><h3><\/h3><p><strong>Anna-Lena Mueller<br \/>\n<\/strong>Arkitektskolen Aarhus<br \/>\n<em>Lignite Intimicies: Gardening Industrial Remnant<\/em><\/p>\n<p>The project explores the intertwining of lignite mining and allotments in East Germany as cultural practices that shape local landscapes and cities. Through an in-depth analysis of the Peres Mine, where mining continues until 2035, the project addresses the socio-ecological challenges posed by former mines, such as community displacement and landscape changes. By proposing a regeneration strategy over 80 years, centred around the design of water flows in the mining area, local gardening practices and ad hoc constructions are integrated into interventions that promote social engagement. The project seeks to create connections between machines and landscape, as well as between people and the environment, adapting to future climate conditions.<\/p>\n<\/div><\/div><div class=\"col item item--1-3 col--4\"><div class=\"item__content editor-content\" data-clickable=\"false\"><h3><\/h3><p><strong>Christina Jensen &amp; Sara Sander<\/strong><br \/>\nSyddansk Universitet<br \/>\n<em>ReVoxLam &#8211; Re-VoxLam Truss. Topology optimisation and reclaimed voxel lamination of horizontal wood structures<\/em><\/p>\n<p>The Re-VoxLam project addresses the significant problem of wood waste in the construction industry, with 55,000 tonnes of wood discarded annually in Denmark. Through advanced computational design and construction techniques, the project transforms otherwise useless wood into valuable building components by sorting, classifying and strategically allocating pieces of wood. Their voxel-based methodology enables upcycling of shorter material cuts, resulting in nearly waste-free structures and increased carbon storage. The project combines digital design with sustainability principles and inspires a more responsible approach to recycled materials in construction.<\/p>\n<\/div><\/div><div class=\"col item item--1-3 col--4\"><div class=\"item__content editor-content\" data-clickable=\"false\"><h3><\/h3><\/div><\/div>\t\t\t\n\t\t\t\t\t<\/div>\n\t<\/div>\n<\/section>\n\n\n<section class=\"block architects-intro block--white\" >\n\t<div class=\"block__inner architects-intro__inner\">\n\t\t<div class=\"col--11 col--start col--wrapper editor-content\">\n\t\t\t\t\t\t\t<div class=\"col col--5\">\n                    \n\t\t\t\t\t<h2 class=\"h1 hyphenate\">2023<\/h2>\t\t\t\t<\/div>\n\t\t\t\n\t\t\t\n            \t\t<\/div>\n\t<\/div>\n<\/section>\n\n\n<section class=\"block block--white grid\" >\n\t<div class=\"block__inner\">\n\t\t<div class=\"col--11 col--wrapper col--stretch\">\n\t\t\t\t\n\t\t\t\n\t\t\t<div class=\"col item item--1-3 col--4\"><div class=\"item__content editor-content\" data-clickable=\"false\"><h3><\/h3><p><strong>Azul Florencia Isodoro, Bastian Moseg\u00e5rd og Nicolai Hou Thomsen<\/strong><br \/>\nAalborg Universitet<br \/>\nSundparken. Sourcing, re-use and transformation<\/p>\n<p>Azul, Bastian, and Nicolai&#8217;s interdisciplinary and highly relevant project addresses the Danish Parallel Society Agreement and wisely questions whether it is possible to solve the social challenges in the so-called ghetto areas in other ways than by demolishing good buildings and &#8220;building our way out&#8221; of the problems. Specifically, the project investigates Sundparken in Horsens and presents three different proposals for how social housing construction can.<\/p>\n<\/div><\/div><div class=\"col item item--1-3 col--4\"><div class=\"item__content editor-content\" data-clickable=\"false\"><h3><\/h3><p><strong>Christian Buske Nielsen<\/strong><br \/>\nArkitektskolen Aarhus<br \/>\nNon-extractive Material Sourcing Through Comtemporary Agricultural Practice<\/p>\n<p>Christian&#8217;s original and well-researched project investigates, through a series of material studies, how crops from agriculture can be turned into building materials. The project addresses the highly relevant premise that the future of sustainable construction depends on the industry exploring and introducing new materials \u2013 and specifically looks at the role that biogenic materials from agriculture can play in construction.<\/p>\n<\/div><\/div><div class=\"col item item--1-3 col--4\"><div class=\"item__content editor-content\" data-clickable=\"false\"><h3><\/h3><p><strong>Mathilde Slot, Leonie H\u00fclya Irmak og Tuva Sveindal<\/strong><br \/>\nAalborg Universitet<br \/>\nSubstation Utsira \u2013 regaining awareness of the subordinate<\/p>\n<p>Mathilde, Leonie, and Tuva&#8217;s interdisciplinary and innovative project address the relevant &#8220;not in my backyard&#8221; phenomenon and explores the relationship between technology, human, and nature in the context of establishing a land-based substation in a small island society in Norway. The project explores the architectural potential of the substation in relation to the local community&#8217;s acceptance of the station. At the same time, the project is an innovative study in the use of local and sustainable materials.<\/p>\n<\/div><\/div><div class=\"col item item--1-3 col--4\"><div class=\"item__content editor-content\" data-clickable=\"false\"><h3><\/h3><p><strong>Kathryn Larsen<\/strong><br \/>\nKEA and University of Technology Delft<br \/>\n[Seaweed] Farm to Table<\/p>\n<p>Kathryn&#8217;s fascinating and well-executed project addresses, in part, how &#8220;beach waste&#8221; in the form of seaweed, seagrass, and shells can be cultivated and transformed into biogenic materials and used as a resource in the built environment \u2013 and partly how we can build in wetter environments with these materials in the future. The project is based on thorough material studies and demonstrates a high level of professional curiosity and the sustainable potential of biogenic materials.<\/p>\n<\/div><\/div><div class=\"col item item--1-3 col--4\"><div class=\"item__content editor-content\" data-clickable=\"false\"><h3><\/h3><p><strong>Shwan Soran Ali<br \/>\n<\/strong>The Royal Danish Academy &#8211; Architecture&#8221;<br \/>\nReconstructing the postwar urban fabric in Mosul<\/p>\n<p>Shwan&#8217;s impressive project is based on a proposal for a reconstruction plan for war-torn Mosul in Iraq. It explores how the city&#8217;s ruins can play a part in creating a dignified existence for its residents while the city is being rebuilt. At the same time, the project outlines a framework for how we can create living conditions \u2013 not only in other war-torn cities but also in cities and urban areas affected by forest fires and other climate changes. A challenge that, unfortunately, is highly relevant in many parts of the world today.<\/p>\n<\/div><\/div><div class=\"col item item--1-3 col--4\"><div class=\"item__content editor-content\" data-clickable=\"false\"><h3><\/h3><\/div><\/div>\t\t\t\n\t\t\t\t\t<\/div>\n\t<\/div>\n<\/section>\n\n\n<section class=\"block architects-intro block--white\" >\n\t<div class=\"block__inner architects-intro__inner\">\n\t\t<div class=\"col--11 col--start col--wrapper editor-content\">\n\t\t\t\t\t\t\t<div class=\"col col--5\">\n                    \n\t\t\t\t\t<h2 class=\"h1 hyphenate\">2022<\/h2>\t\t\t\t<\/div>\n\t\t\t\n\t\t\t\n            \t\t<\/div>\n\t<\/div>\n<\/section>\n\n\n<section class=\"block block--white grid\" >\n\t<div class=\"block__inner\">\n\t\t<div class=\"col--11 col--wrapper col--stretch\">\n\t\t\t\t\n\t\t\t\n\t\t\t<div class=\"col item item--1-3 col--4\"><img loading=\"lazy\" decoding=\"async\" width=\"520\" height=\"400\" src=\"https:\/\/www.sweco.dk\/wp-content\/uploads\/sites\/4\/2025\/04\/Sweco-Transform-Award-27-520x400.jpg\" class=\"attachment-insights-featured-large size-insights-featured-large\" alt=\"\" \/><div class=\"item__content editor-content\" data-clickable=\"false\"><h3><\/h3><p><strong>Jacob Matthiesen J\u00f8rgensen<\/strong><br \/>\nAarhus School of Architecture<br \/>\nThe Coastal Landscape of Change \u2013 Adaptive Landscape Scenarios for Thorsminde and Nissum Fjord<\/p>\n<p>Jacob has worked on a sustainable transformation of the Jutland west coast with his ambitious graduation project. The project addresses the challenges faced by Thorsminde and Nissum Fjord due to climate change and future sea level rise. Jacob presents a series of adaptive landscape scenarios, critiques the current coastal protection strategy, and proposes new climate solutions that create synergy between future forecasts, economic conditions, and current climate initiatives.<\/p>\n<\/div><\/div><div class=\"col item item--1-3 col--4\"><img loading=\"lazy\" decoding=\"async\" width=\"520\" height=\"400\" src=\"https:\/\/www.sweco.dk\/wp-content\/uploads\/sites\/4\/2025\/04\/Sweco-Transform-Award-11-520x400.jpg\" class=\"attachment-insights-featured-large size-insights-featured-large\" alt=\"\" \/><div class=\"item__content editor-content\" data-clickable=\"false\"><h3><\/h3><p><strong>Christian Simon Reese Reinholdt Andersen<\/strong><br \/>\nAarhus School of Architecture<br \/>\nA Non-Linear Land of Human Beings (Inuit Nunaat), The Inter-Connection of Trash and Treasure<\/p>\n<p>Christian&#8217;s project is an exemplary graduation project that provides a solution to a local issue viewed in a global context of sustainable consumption and climate impact. In his visionary and extremely well-developed project, Christian explores the idea of rethinking Greenland&#8217;s food supply by growing food in the harsh Greenlandic nature, thus reducing the climate impact of food transport and bringing food production closer to the Greenlandic consumer. The idea unfolds from the principle that one organism&#8217;s waste is another&#8217;s nourishment.<\/p>\n<\/div><\/div><div class=\"col item item--1-3 col--4\"><img loading=\"lazy\" decoding=\"async\" width=\"520\" height=\"400\" src=\"https:\/\/www.sweco.dk\/wp-content\/uploads\/sites\/4\/2025\/04\/Sweco-Transform-Award-54-520x400.jpg\" class=\"attachment-insights-featured-large size-insights-featured-large\" alt=\"\" \/><div class=\"item__content editor-content\" data-clickable=\"false\"><h3><\/h3><p><strong>Morten Stistrup and Leo Gamborg Heinzl<br \/>\n<\/strong>Aarhus University<br \/>\nLCA Tool for Mass Modelling \u2013 Research and Framework<\/p>\n<p>Morten and Leo have used their thesis to conceive and develop an innovative digital tool that addresses one of today\u2019s most important agendas \u2013 CO2 emissions from building materials. In this context, they have created an LCA estimation tool designed to support multidisciplinary dialogue on material selection early in the design stages. The development of the tool has been done in collaboration with practicing architects and engineers, presenting us with a tool that supports, complements, and strengthens the process that architects and engineers already practice.<\/p>\n<\/div><\/div><div class=\"col item item--1-3 col--4\"><img loading=\"lazy\" decoding=\"async\" width=\"520\" height=\"400\" src=\"https:\/\/www.sweco.dk\/wp-content\/uploads\/sites\/4\/2025\/04\/Sweco-Transform-Award-21-520x400.jpg\" class=\"attachment-insights-featured-large size-insights-featured-large\" alt=\"\" \/><div class=\"item__content editor-content\" data-clickable=\"false\"><h3><\/h3><p><strong>Karoline \u00d8stergaard, Lis Dall, and Katrine Mitzi<\/strong><br \/>\nAalborg University<br \/>\nFrederiksberg Hospital. Socially and Environmentally Sustainable Transformation of Existing Buildings<\/p>\n<p>Karoline, Lis, and Katrine have based their thoroughly developed graduation project on the plans for the transformation of Frederiksberg Hospital into a new urban area. The main focus of the three authors has been to investigate how to transform buildings over 100 years old into modern, contemporary functions while preserving architectural qualities and achieving energy consumption and indoor climate that meet current standards. To this end, they have developed a relevant \u201crenovation matrix\u201d that addresses an important element of the green agenda \u2013 namely sustainable renovation.<\/p>\n<\/div><\/div><div class=\"col item item--1-3 col--4\"><img loading=\"lazy\" decoding=\"async\" width=\"520\" height=\"400\" src=\"https:\/\/www.sweco.dk\/wp-content\/uploads\/sites\/4\/2025\/04\/Sweco-Transform-Award-55-520x400.jpg\" class=\"attachment-insights-featured-large size-insights-featured-large\" alt=\"\" \/><div class=\"item__content editor-content\" data-clickable=\"false\"><h3><\/h3><p><strong>Sune Lund Bunke and Frederik Lykkeberg<br \/>\n<\/strong>The Royal Academy<br \/>\nP2X R\u00f8dbyhavn \u2013 At the End of the Road<\/p>\n<p>Sune and Frederik provide a compelling proposal for a new sustainable energy facility with their graduation project. The project works across a vast range from large to small scale and addresses, among other things, the ongoing project for the Fehmarn connection east of R\u00f8dby Port. Here, they propose how this gigantic infrastructure project can receive an architectural boost that accommodates the place&#8217;s landscape and urban context. The project addresses both major societal issues like the green transition while also providing a concrete proposal for how we can integrate our infrastructure, particularly energy infrastructure, as architectural structures in our landscapes.<\/p>\n<\/div><\/div><div class=\"col item item--1-3 col--4\"><div class=\"item__content editor-content\" data-clickable=\"false\"><h3><\/h3><p>&nbsp;<\/p>\n<\/div><\/div>\t\t\t\n\t\t\t\t\t<\/div>\n\t<\/div>\n<\/section>\n\n\n<section class=\"block cb block--white\" >\n\t<div class=\"block__inner cb__inner cb__inner--one\">\n\t<div class=\"col--12 col--center col--wrapper\">\n\t\t<div class=\"col col--6 editor-content\">\n\t\t\t<h4><a href=\"https:\/\/www.sweco.dk\/en\/sweco-transform-award\/\" target=\"_blank\" class=\"link link--arrow\" rel=\"noopener\">Will you join in 2025? Learn more and submit your project here<\/a><\/h4>\n\t\t<\/div>\n\t<\/div>\n<\/div>\n<\/section>\n\n<script charset=\"ISO-8859-1\" src=\"https:\/\/fast.wistia.com\/static\/concat\/iframe-api-v1.js\"><\/script>","protected":false},"excerpt":{"rendered":"","protected":false},"author":247,"featured_media":40093,"parent":54890,"menu_order":0,"comment_status":"closed","ping_status":"closed","template":"","meta":{"_acf_changed":false,"_seopress_robots_primary_cat":"","_seopress_titles_title":"Sweco Transform Award finalists","_seopress_titles_desc":"Meet the previous Sweco Transform Award finalistsM\u00f8d de tidligere \u00e5rs Sweco Transform Award finalister","_seopress_robots_index":"","footnotes":""},"class_list":["post-54905","page","type-page","status-publish","has-post-thumbnail","hentry"],"acf":[],"_links":{"self":[{"href":"https:\/\/www.sweco.dk\/en\/wp-json\/wp\/v2\/pages\/54905","targetHints":{"allow":["GET"]}}],"collection":[{"href":"https:\/\/www.sweco.dk\/en\/wp-json\/wp\/v2\/pages"}],"about":[{"href":"https:\/\/www.sweco.dk\/en\/wp-json\/wp\/v2\/types\/page"}],"author":[{"embeddable":true,"href":"https:\/\/www.sweco.dk\/en\/wp-json\/wp\/v2\/users\/247"}],"replies":[{"embeddable":true,"href":"https:\/\/www.sweco.dk\/en\/wp-json\/wp\/v2\/comments?post=54905"}],"version-history":[{"count":11,"href":"https:\/\/www.sweco.dk\/en\/wp-json\/wp\/v2\/pages\/54905\/revisions"}],"predecessor-version":[{"id":54935,"href":"https:\/\/www.sweco.dk\/en\/wp-json\/wp\/v2\/pages\/54905\/revisions\/54935"}],"up":[{"embeddable":true,"href":"https:\/\/www.sweco.dk\/en\/wp-json\/wp\/v2\/pages\/54890"}],"wp:featuredmedia":[{"embeddable":true,"href":"https:\/\/www.sweco.dk\/en\/wp-json\/wp\/v2\/media\/40093"}],"wp:attachment":[{"href":"https:\/\/www.sweco.dk\/en\/wp-json\/wp\/v2\/media?parent=54905"}],"curies":[{"name":"wp","href":"https:\/\/api.w.org\/{rel}","templated":true}]}}