{"id":53907,"date":"2025-03-03T13:46:52","date_gmt":"2025-03-03T13:46:52","guid":{"rendered":"https:\/\/www.sweco.dk\/services\/digital-solutions\/spatial-suite\/"},"modified":"2026-01-22T10:35:49","modified_gmt":"2026-01-22T10:35:49","slug":"spatial-suite","status":"publish","type":"page","link":"https:\/\/www.sweco.dk\/en\/services\/digital-solutions\/spatial-suite\/","title":{"rendered":"Spatial Suite"},"content":{"rendered":"<section class=\"block block--white columns\" >\n\t<div class=\"block__inner columns__inner\">\n\t\t<div class=\"col--11 col--wrapper col--stretch\">\n\t\t\t\n\t\t\t\t\t\t\t<div class=\"columns__col col col--12\">\n\t\t\t\t\t<div class=\"editor-content columns__content columns__content--image\">\n\t\t\t\t\t\t<img loading=\"lazy\" decoding=\"async\" width=\"2560\" height=\"1066\" src=\"https:\/\/www.sweco.dk\/wp-content\/uploads\/sites\/4\/2024\/03\/Software-by-Sweco-top_W_Wide-1680x7009-1-scaled.jpg\" class=\"attachment-full size-full\" alt=\"Spatial Suite | Digitale l\u00f8sninger\" srcset=\"https:\/\/www.sweco.dk\/wp-content\/uploads\/sites\/4\/2024\/03\/Software-by-Sweco-top_W_Wide-1680x7009-1-scaled.jpg 2560w, https:\/\/www.sweco.dk\/wp-content\/uploads\/sites\/4\/2024\/03\/Software-by-Sweco-top_W_Wide-1680x7009-1-300x125.jpg 300w, https:\/\/www.sweco.dk\/wp-content\/uploads\/sites\/4\/2024\/03\/Software-by-Sweco-top_W_Wide-1680x7009-1-1024x427.jpg 1024w, https:\/\/www.sweco.dk\/wp-content\/uploads\/sites\/4\/2024\/03\/Software-by-Sweco-top_W_Wide-1680x7009-1-768x320.jpg 768w, https:\/\/www.sweco.dk\/wp-content\/uploads\/sites\/4\/2024\/03\/Software-by-Sweco-top_W_Wide-1680x7009-1-1536x640.jpg 1536w, https:\/\/www.sweco.dk\/wp-content\/uploads\/sites\/4\/2024\/03\/Software-by-Sweco-top_W_Wide-1680x7009-1-2048x853.jpg 2048w, https:\/\/www.sweco.dk\/wp-content\/uploads\/sites\/4\/2024\/03\/Software-by-Sweco-top_W_Wide-1680x7009-1-520x217.jpg 520w, https:\/\/www.sweco.dk\/wp-content\/uploads\/sites\/4\/2024\/03\/Software-by-Sweco-top_W_Wide-1680x7009-1-800x333.jpg 800w, https:\/\/www.sweco.dk\/wp-content\/uploads\/sites\/4\/2024\/03\/Software-by-Sweco-top_W_Wide-1680x7009-1-720x300.jpg 720w, https:\/\/www.sweco.dk\/wp-content\/uploads\/sites\/4\/2024\/03\/Software-by-Sweco-top_W_Wide-1680x7009-1-1080x450.jpg 1080w, https:\/\/www.sweco.dk\/wp-content\/uploads\/sites\/4\/2024\/03\/Software-by-Sweco-top_W_Wide-1680x7009-1-652x272.jpg 652w\" sizes=\"auto, (max-width: 2560px) 100vw, 2560px\" \/>\t\t\t\t\t<\/div>\n\t\t\t\t<\/div>\n\t\t\t\n\t\t<\/div>\n\t<\/div>\n<\/section>\n\n\n<section class=\"block architects-intro block--white\" >\n\t<div class=\"block__inner architects-intro__inner\">\n\t\t<div class=\"col--11 col--start col--wrapper editor-content\">\n\t\t\t\t\t\t\t<div class=\"col col--5\">\n                    <p class=\"architect-special hyphenate\">Digital Solutions<\/p>\n\t\t\t\t\t<h1 class=\"h1 hyphenate\">Spatial Suite<\/h1>\t\t\t\t<\/div>\n\t\t\t\n\t\t\t\t\t\t\t<div class=\"col col--4 push--1\">\n\t\t\t\t\t\t\t\t\t\t<p><p>Spatial Suite is the ideal GIS solution to ensure a comprehensive overview of both public and internal geographical data.<\/p>\n<\/p>\n\t\t\t\t\t\t\t\t\t<\/div>\n\t\t\t\n            \t\t<\/div>\n\t<\/div>\n<\/section>\n\n\n<section class=\"block block--white architect-columns\" >\n\n\t<div class=\"block__inner architect-columns__inner\">\n\t\t<div class=\"col--11 col--stretch col--wrapper architect-columns__grid\">\n\t\t\t\n\t\t\t\t<div class=\"col col--top col--6\">\n\t\t\t\t\t\t\t\t\t\t<div class=\"col__inner\" data-clickable=\"false\">\n\t\t\t\t\t\t<div class=\"col__meta\">\n\t\t\t\t\t\t\t\t\t\t\t\t\t\t\t\t\t\t\t\t\t\t\t\t\t\t\t<\/div>\n\n\t\t\t\t\t\t<img loading=\"lazy\" decoding=\"async\" width=\"800\" height=\"524\" src=\"https:\/\/www.sweco.dk\/wp-content\/uploads\/sites\/4\/2024\/03\/Ydelse_left_right-image_ddf_1680x110019-800x524.jpg\" class=\"attachment-architect-col--big size-architect-col--big\" alt=\"\" srcset=\"https:\/\/www.sweco.dk\/wp-content\/uploads\/sites\/4\/2024\/03\/Ydelse_left_right-image_ddf_1680x110019-800x524.jpg 800w, https:\/\/www.sweco.dk\/wp-content\/uploads\/sites\/4\/2024\/03\/Ydelse_left_right-image_ddf_1680x110019-300x196.jpg 300w, https:\/\/www.sweco.dk\/wp-content\/uploads\/sites\/4\/2024\/03\/Ydelse_left_right-image_ddf_1680x110019-1024x671.jpg 1024w, https:\/\/www.sweco.dk\/wp-content\/uploads\/sites\/4\/2024\/03\/Ydelse_left_right-image_ddf_1680x110019-768x503.jpg 768w, https:\/\/www.sweco.dk\/wp-content\/uploads\/sites\/4\/2024\/03\/Ydelse_left_right-image_ddf_1680x110019-1536x1006.jpg 1536w, https:\/\/www.sweco.dk\/wp-content\/uploads\/sites\/4\/2024\/03\/Ydelse_left_right-image_ddf_1680x110019-2048x1341.jpg 2048w, https:\/\/www.sweco.dk\/wp-content\/uploads\/sites\/4\/2024\/03\/Ydelse_left_right-image_ddf_1680x110019-520x341.jpg 520w, https:\/\/www.sweco.dk\/wp-content\/uploads\/sites\/4\/2024\/03\/Ydelse_left_right-image_ddf_1680x110019-458x300.jpg 458w, https:\/\/www.sweco.dk\/wp-content\/uploads\/sites\/4\/2024\/03\/Ydelse_left_right-image_ddf_1680x110019-687x450.jpg 687w, https:\/\/www.sweco.dk\/wp-content\/uploads\/sites\/4\/2024\/03\/Ydelse_left_right-image_ddf_1680x110019-652x427.jpg 652w\" sizes=\"auto, (max-width: 800px) 100vw, 800px\" \/>\n\t\t\t\t\t\t\n\t\t\t\t\t\t\n\t\t\t\t\t<\/div>\n\t\t\t\t<\/div>\n\n\t\t\t\n\t\t\t\t<div class=\"col col--top col--6\">\n\t\t\t\t\t\t\t\t\t\t<div class=\"col__inner\" data-clickable=\"false\">\n\t\t\t\t\t\t<div class=\"col__meta\">\n\t\t\t\t\t\t\t\t\t\t\t\t\t\t\t\t\t\t\t\t\t\t\t\t\t\t\t<\/div>\n\n\t\t\t\t\t\t<img loading=\"lazy\" decoding=\"async\" width=\"800\" height=\"524\" src=\"https:\/\/www.sweco.dk\/wp-content\/uploads\/sites\/4\/2024\/05\/spatialsuite-800x524.jpg\" class=\"attachment-architect-col--big size-architect-col--big\" alt=\"Luftfoto af gr\u00f8n park med stier, gr\u00e6sarealer og sm\u00e5 v\u00e5domr\u00e5der. Fodboldm\u00e5l ses til h\u00f8jre.\" srcset=\"https:\/\/www.sweco.dk\/wp-content\/uploads\/sites\/4\/2024\/05\/spatialsuite-800x524.jpg 800w, https:\/\/www.sweco.dk\/wp-content\/uploads\/sites\/4\/2024\/05\/spatialsuite-300x196.jpg 300w, https:\/\/www.sweco.dk\/wp-content\/uploads\/sites\/4\/2024\/05\/spatialsuite-1024x670.jpg 1024w, https:\/\/www.sweco.dk\/wp-content\/uploads\/sites\/4\/2024\/05\/spatialsuite-768x503.jpg 768w, https:\/\/www.sweco.dk\/wp-content\/uploads\/sites\/4\/2024\/05\/spatialsuite-1536x1006.jpg 1536w, https:\/\/www.sweco.dk\/wp-content\/uploads\/sites\/4\/2024\/05\/spatialsuite-520x340.jpg 520w, https:\/\/www.sweco.dk\/wp-content\/uploads\/sites\/4\/2024\/05\/spatialsuite-458x300.jpg 458w, https:\/\/www.sweco.dk\/wp-content\/uploads\/sites\/4\/2024\/05\/spatialsuite-687x450.jpg 687w, https:\/\/www.sweco.dk\/wp-content\/uploads\/sites\/4\/2024\/05\/spatialsuite-652x427.jpg 652w, https:\/\/www.sweco.dk\/wp-content\/uploads\/sites\/4\/2024\/05\/spatialsuite.jpg 1680w\" sizes=\"auto, (max-width: 800px) 100vw, 800px\" \/>\n\t\t\t\t\t\t\n\t\t\t\t\t\t\n\t\t\t\t\t<\/div>\n\t\t\t\t<\/div>\n\n\t\t\t\t<\/div>\n<\/section>\n\n\n<section class=\"block cb block--white\" >\n\t<div class=\"block__inner cb__inner cb__inner--one\">\n\t<div class=\"col--12 col--center col--wrapper\">\n\t\t<div class=\"col col--6 editor-content\">\n\t\t\t<p>With direct access to a wide range of public data maintained by Sweco, Spatial Suite supports various workflows in your organization, such as internal case management and digitalization, and makes it quick and easy to find relevant information.<\/p>\n<p>You can customize Spatial Suite tools and themes to suit your organization. At the same time, it is built as a basic solution that already includes a number of standard features such as information tools and printing.<\/p>\n<p>Examples of modules include the data module, which contains more than 1000 ready-made themes and presentations with public data, including data from SDFE and GeoDanmark. The EDRM integration module that integrates Spatial Suite with common EDRM systems.<\/p>\n<p>In addition, one of the most used modules is H\u00f8ringsliste, which, through integration with Cognito and LOIS databases, allows users to create mailing lists for mail merge and digital distribution in connection with public hearings.<\/p>\n<p>Spatial Suite also makes it possible to use your own data on your organization&#8217;s website as embedded maps via MiniMap. With the ability to digitize and edit your data directly in your browser, you can work more efficiently and productively.<\/p>\n<h3>Why you should choose Spatial Suite<\/h3>\n<ol>\n<li>Overview of public and internal geographic data in one place<\/li>\n<li>Direct access to a wide range of public data \u2013 maintained by Sweco<\/li>\n<li>Adapt modules to match your organization<\/li>\n<li>Use Spatial Suite data on your organization&#8217;s website as embedded maps<\/li>\n<li>Digitize and edit your data directly in your browser<\/li>\n<li>Support data from a wide variety of data sources \u2013 including WFS MSSQL and PostGIS<\/li>\n<\/ol>\n<div class=\"buttons-wrapper buttons-wrapper--left\"><a href=\"https:\/\/www.sweco.dk\/kurser\/fme\/\" target=\"_blank\" class=\"btn btn__primary btn__small\">Read about our FME courses (Feature Manipulation Engine)<\/a><\/div>\t\t<\/div>\n\t<\/div>\n<\/div>\n<\/section>\n\n\n<section class=\"block block--white columns\" >\n\t<div class=\"block__inner columns__inner\">\n\t\t<div class=\"col--11 col--wrapper col--stretch\">\n\t\t\t\n\t\t\t\t\t\t\t<div class=\"columns__col col col--12\">\n\t\t\t\t\t<div class=\"editor-content columns__content columns__content--image\">\n\t\t\t\t\t\t<img loading=\"lazy\" decoding=\"async\" width=\"2240\" height=\"933\" src=\"https:\/\/www.sweco.dk\/wp-content\/uploads\/sites\/4\/2024\/03\/Midt_breaker_ddf_1680x7005.jpg\" class=\"attachment-full size-full\" alt=\"Digitale l\u00f8sninger\" srcset=\"https:\/\/www.sweco.dk\/wp-content\/uploads\/sites\/4\/2024\/03\/Midt_breaker_ddf_1680x7005.jpg 2240w, https:\/\/www.sweco.dk\/wp-content\/uploads\/sites\/4\/2024\/03\/Midt_breaker_ddf_1680x7005-300x125.jpg 300w, https:\/\/www.sweco.dk\/wp-content\/uploads\/sites\/4\/2024\/03\/Midt_breaker_ddf_1680x7005-1024x427.jpg 1024w, https:\/\/www.sweco.dk\/wp-content\/uploads\/sites\/4\/2024\/03\/Midt_breaker_ddf_1680x7005-768x320.jpg 768w, https:\/\/www.sweco.dk\/wp-content\/uploads\/sites\/4\/2024\/03\/Midt_breaker_ddf_1680x7005-1536x640.jpg 1536w, https:\/\/www.sweco.dk\/wp-content\/uploads\/sites\/4\/2024\/03\/Midt_breaker_ddf_1680x7005-2048x853.jpg 2048w, https:\/\/www.sweco.dk\/wp-content\/uploads\/sites\/4\/2024\/03\/Midt_breaker_ddf_1680x7005-520x217.jpg 520w, https:\/\/www.sweco.dk\/wp-content\/uploads\/sites\/4\/2024\/03\/Midt_breaker_ddf_1680x7005-800x333.jpg 800w, https:\/\/www.sweco.dk\/wp-content\/uploads\/sites\/4\/2024\/03\/Midt_breaker_ddf_1680x7005-720x300.jpg 720w, https:\/\/www.sweco.dk\/wp-content\/uploads\/sites\/4\/2024\/03\/Midt_breaker_ddf_1680x7005-1080x450.jpg 1080w, https:\/\/www.sweco.dk\/wp-content\/uploads\/sites\/4\/2024\/03\/Midt_breaker_ddf_1680x7005-652x272.jpg 652w\" sizes=\"auto, (max-width: 2240px) 100vw, 2240px\" \/>\t\t\t\t\t<\/div>\n\t\t\t\t<\/div>\n\t\t\t\n\t\t<\/div>\n\t<\/div>\n<\/section>\n","protected":false},"excerpt":{"rendered":"","protected":false},"author":247,"featured_media":47088,"parent":53971,"menu_order":0,"comment_status":"closed","ping_status":"closed","template":"","meta":{"_acf_changed":false,"_seopress_robots_primary_cat":"","_seopress_titles_title":"Spatial Suite - Sweco Denmark","_seopress_titles_desc":"Spatial Suite is the ideal GIS solution to ensure a comprehensive overview of both public and internal geographical data.","_seopress_robots_index":"","footnotes":""},"class_list":["post-53907","page","type-page","status-publish","has-post-thumbnail","hentry"],"acf":[],"_links":{"self":[{"href":"https:\/\/www.sweco.dk\/en\/wp-json\/wp\/v2\/pages\/53907","targetHints":{"allow":["GET"]}}],"collection":[{"href":"https:\/\/www.sweco.dk\/en\/wp-json\/wp\/v2\/pages"}],"about":[{"href":"https:\/\/www.sweco.dk\/en\/wp-json\/wp\/v2\/types\/page"}],"author":[{"embeddable":true,"href":"https:\/\/www.sweco.dk\/en\/wp-json\/wp\/v2\/users\/247"}],"replies":[{"embeddable":true,"href":"https:\/\/www.sweco.dk\/en\/wp-json\/wp\/v2\/comments?post=53907"}],"version-history":[{"count":3,"href":"https:\/\/www.sweco.dk\/en\/wp-json\/wp\/v2\/pages\/53907\/revisions"}],"predecessor-version":[{"id":59517,"href":"https:\/\/www.sweco.dk\/en\/wp-json\/wp\/v2\/pages\/53907\/revisions\/59517"}],"up":[{"embeddable":true,"href":"https:\/\/www.sweco.dk\/en\/wp-json\/wp\/v2\/pages\/53971"}],"wp:featuredmedia":[{"embeddable":true,"href":"https:\/\/www.sweco.dk\/en\/wp-json\/wp\/v2\/media\/47088"}],"wp:attachment":[{"href":"https:\/\/www.sweco.dk\/en\/wp-json\/wp\/v2\/media?parent=53907"}],"curies":[{"name":"wp","href":"https:\/\/api.w.org\/{rel}","templated":true}]}}