{"id":53326,"date":"2025-01-22T08:53:27","date_gmt":"2025-01-22T08:53:27","guid":{"rendered":"https:\/\/www.sweco.dk\/services\/water-energy-and-industry\/biodiversity\/"},"modified":"2026-03-03T13:15:49","modified_gmt":"2026-03-03T13:15:49","slug":"biodiversity","status":"publish","type":"page","link":"https:\/\/www.sweco.dk\/en\/services\/water-energy-and-industry\/biodiversity\/","title":{"rendered":"Biodiversity"},"content":{"rendered":"<section class=\"block block--white columns\" >\n\t<div class=\"block__inner columns__inner\">\n\t\t<div class=\"col--11 col--wrapper col--stretch\">\n\t\t\t\n\t\t\t\t\t\t\t<div class=\"columns__col col col--12\">\n\t\t\t\t\t<div class=\"editor-content columns__content columns__content--image\">\n\t\t\t\t\t\t<img loading=\"lazy\" decoding=\"async\" width=\"1680\" height=\"700\" src=\"https:\/\/www.sweco.dk\/wp-content\/uploads\/sites\/4\/2023\/10\/biodiversitet_header.jpg\" class=\"attachment-full size-full\" alt=\"Biodiversitet\" srcset=\"https:\/\/www.sweco.dk\/wp-content\/uploads\/sites\/4\/2023\/10\/biodiversitet_header.jpg 1680w, https:\/\/www.sweco.dk\/wp-content\/uploads\/sites\/4\/2023\/10\/biodiversitet_header-300x125.jpg 300w, https:\/\/www.sweco.dk\/wp-content\/uploads\/sites\/4\/2023\/10\/biodiversitet_header-1024x427.jpg 1024w, https:\/\/www.sweco.dk\/wp-content\/uploads\/sites\/4\/2023\/10\/biodiversitet_header-768x320.jpg 768w, https:\/\/www.sweco.dk\/wp-content\/uploads\/sites\/4\/2023\/10\/biodiversitet_header-1536x640.jpg 1536w, https:\/\/www.sweco.dk\/wp-content\/uploads\/sites\/4\/2023\/10\/biodiversitet_header-520x217.jpg 520w, https:\/\/www.sweco.dk\/wp-content\/uploads\/sites\/4\/2023\/10\/biodiversitet_header-800x333.jpg 800w, https:\/\/www.sweco.dk\/wp-content\/uploads\/sites\/4\/2023\/10\/biodiversitet_header-720x300.jpg 720w, https:\/\/www.sweco.dk\/wp-content\/uploads\/sites\/4\/2023\/10\/biodiversitet_header-1080x450.jpg 1080w\" sizes=\"auto, (max-width: 1680px) 100vw, 1680px\" \/>\t\t\t\t\t<\/div>\n\t\t\t\t<\/div>\n\t\t\t\n\t\t<\/div>\n\t<\/div>\n<\/section>\n\n\n<section class=\"block architects-intro block--white\" >\n\t<div class=\"block__inner architects-intro__inner\">\n\t\t<div class=\"col--11 col--start col--wrapper editor-content\">\n\t\t\t\t\t\t\t<div class=\"col col--5\">\n                    \n\t\t\t\t\t<h1 class=\"h1 hyphenate\">Biodiversity<\/h1>\t\t\t\t<\/div>\n\t\t\t\n\t\t\t\t\t\t\t<div class=\"col col--4 push--1\">\n\t\t\t\t\t\t\t\t\t\t<p><p>At Sweco, our ambition is to be at the forefront of the green transition in all the markets in which we operate. Through our customers\u2019 projects, we contribute to enhancing biodiversity in many different ways, each time customized to local opportunities and the builder&#8217;s wishes.<\/p>\n<p>When we consider biodiversity from the beginning, by preserving and developing habitats for all the life forms that make up an area&#8217;s biodiversity, we can add value to our customers&#8217; projects \u2013 and it does not have to be expensive.<\/p>\n<\/p>\n\t\t\t\t\t\t\t\t\t<\/div>\n\t\t\t\n            \t\t<\/div>\n\t<\/div>\n<\/section>\n\n\n<section class=\"block cb block--white\" >\n\t<div class=\"block__inner cb__inner cb__inner--one\">\n\t<div class=\"col--12 col--center col--wrapper\">\n\t\t<div class=\"col col--6 editor-content\">\n\t\t\t<h5>Documenting your biodiversity efforts<\/h5>\n<p>Companies in the EU will soon include biodiversity in their financial accounts, documenting their impact on biodiversity as part of the ESG\/sustainability reporting outlined in the CSRD (EU Corporate Sustainability Reporting Directive). Our experts will help you get there.<\/p>\n<p>In addition, we advise on how to integrate SBTN (Science-based targets for nature) into your project, how to achieve DGNB Planet certification and fulfill the requirements of the Nordic Swan Ecolabel.<\/p>\n<p>We will help you stay at the cutting edge with a clear strategy for your biodiversity efforts, and we can document them to ensure compliance with the new EU ESG accounting requirements.\u00a0Our experts specialise in both green and blue biodiversity solutions, helping optimise conditions for insects, birds, amphibians, reptiles, mosses, lichens, fungi, and wild plants \u2013 while also creating new engaging and recreational urban spaces and landscapes.<\/p>\n<p>At the same time, planting and enhancing biodiversity are important tools in our use of nature-based solutions (NBS), helping prepare our cities, coasts and communities for future extreme weather events such as torrential rains, storms, rising sea levels, and extreme heat.<\/p>\n<h5>The total biodiversity footprint of a building<\/h5>\n<p>At Sweco, we also have the expertise to provide clients with an overview of the building&#8217;s total biodiversity footprint and identify which parts of the building have the greatest impact. This is an important step towards more responsible construction, with greater respect for nature.<\/p>\n<p>We begin by conducting the Life Cycle Assessment (LCA) in accordance with the climate requirements of the current Danish building regulations (Bygningsreglementet, BR18). In this way, we calculate the impact of the construction on the surrounding biodiversity, i.e., \u2018on-site\u2019, as well as the biodiversity impact of the building&#8217;s energy consumption and the production of the materials used, i.e., \u2018off-site\u2019.<\/p>\n\t\t<\/div>\n\t<\/div>\n<\/div>\n<\/section>\n\n\n<section class=\"block block--white grid\" >\n\t<div class=\"block__inner\">\n\t\t<div class=\"col--11 col--wrapper col--stretch\">\n\t\t\t\t\t\t<div class=\"col col--12 editor-content grid__title\">\n\t\t\t\t<h3 class=\"h1 hyphenate\">Meet our experts<\/h3>\t\t\t<\/div>\n\t\t\t\t\n\t\t\t\n\t\t\t<div class=\"col item item--1-3 col--4\"><img loading=\"lazy\" decoding=\"async\" width=\"520\" height=\"400\" src=\"https:\/\/www.sweco.dk\/wp-content\/uploads\/sites\/4\/2022\/06\/Christine_Collin-520x400.jpg\" class=\"attachment-insights-featured-large size-insights-featured-large\" alt=\"Christine Collin\" \/><div class=\"item__content editor-content\" data-clickable=\"false\"><h3><\/h3><h5>Christine Collin<\/h5>\n<p>Head of Sustainability<\/p>\n<p style=\"line-height: 18.75pt;margin: 0cm 0cm 17.3pt 0cm\"><span lang=\"EN-US\" style=\"font-family: 'Sweco Sans';color: black\">\u201c\u2018We now have the knowledge and tools needed to measure the biodiversity footprint of buildings on-site at the construction site \u2013 but also off-site throughout the lifecycle of the building.<\/span><\/p>\n<p style=\"line-height: 18.75pt;margin: 0cm 0cm 17.3pt 0cm\"><span lang=\"EN-US\" style=\"font-family: 'Sweco Sans';color: black\">It is particularly important to me that we realise the huge environmental impact off-site that we see in material production and operational energy. I hope it will help builders focus their biodiversity efforts where they matter most, resulting in buildings that are as beneficial for nature as possible.<\/span><\/p>\n<p style=\"line-height: 18.75pt;margin: 0cm 0cm 17.3pt 0cm\"><span lang=\"EN-US\" style=\"font-family: 'Sweco Sans';color: black\">&#8220;It will be the key to achieving the global biodiversity goals by 2030\u201d.<\/span><\/p>\n<\/div><\/div><div class=\"col item item--1-3 col--4\"><img loading=\"lazy\" decoding=\"async\" width=\"520\" height=\"400\" src=\"https:\/\/www.sweco.dk\/wp-content\/uploads\/sites\/4\/2021\/09\/CarinaRosenbechThybo-1-520x400.jpg\" class=\"attachment-insights-featured-large size-insights-featured-large\" alt=\"Carina Rosenbech Thybo\" \/><div class=\"item__content editor-content\" data-clickable=\"false\"><h3><\/h3><h5>Carina Rosenbech<\/h5>\n<p>Landscape architect and team leader of Urban planning and Landscape<\/p>\n<p style=\"line-height: 18.75pt;margin: 0cm 0cm 17.3pt 0cm\"><span lang=\"EN-US\" style=\"font-family: 'Sweco Sans';color: black\">To succeed with a biodiversity initiative, the project must fulfill three (often-overlooked) criteria:<\/span><\/p>\n<p style=\"line-height: 18.75pt;margin: 0cm 0cm 17.3pt 0cm\"><span lang=\"EN-US\" style=\"font-family: 'Sweco Sans';color: black\">We need to ensure that the soil conditions support the plants and trees we want to grow. Otherwise, we risk having a negative impact on the landscape and surrounding nature.<\/span><\/p>\n<p style=\"line-height: 18.75pt;margin: 0cm 0cm 17.3pt 0cm\"><span lang=\"EN-US\" style=\"font-family: 'Sweco Sans';color: black\">&#8220;The contractor must be well-prepared for the planning and design of this \u2013 they need to understand the geology, landscape strategies, and other green concepts behind the project.<\/span><\/p>\n<p style=\"line-height: 18.75pt;margin: 0cm 0cm 17.3pt 0cm\"><span lang=\"EN-US\" style=\"font-family: 'Sweco Sans';color: black\">Landscape management is of utmost importance. If we manage the landscape with herbicides, control it with lawnmowers, or use excessive salt for deicing, we destroy biodiversity.\u201d The operations manager must be thoroughly informed about the purpose of the project.\u201d<\/span><\/p>\n<\/div><\/div><div class=\"col item item--1-3 col--4\"><img loading=\"lazy\" decoding=\"async\" width=\"520\" height=\"400\" src=\"https:\/\/www.sweco.dk\/wp-content\/uploads\/sites\/4\/2023\/11\/Nikolaj-Ebbesen-DK1A1O-520x400.jpg\" class=\"attachment-insights-featured-large size-insights-featured-large\" alt=\"Nikolaj Ebsen\" \/><div class=\"item__content editor-content\" data-clickable=\"false\"><h3><\/h3><h5>Nikolaj Sass Ebsen<\/h5>\n<p>Biologist<\/p>\n<p style=\"line-height: 18.75pt;margin: 0cm 0cm 17.3pt 0cm\"><span lang=\"EN-US\" style=\"font-family: 'Sweco Sans';color: black\">\u201cWe are all realising that the biodiversity crisis is real, and that we can actually act on it and make a difference. We still have lots of precious nature and fascinating species that we must protect and preserve.<\/span><\/p>\n<p style=\"line-height: 18.75pt;margin: 0cm 0cm 17.3pt 0cm\"><span lang=\"EN-US\" style=\"font-family: 'Sweco Sans';color: black\">&#8220;Let us, therefore, incorporate the expertise of biologists into urban renewal and construction projects, so we can create sustainable solutions that, for example, suit the soil type and native species.\u201d<\/span><\/p>\n<p style=\"line-height: 18.75pt;margin: 0cm 0cm 17.3pt 0cm\"><span lang=\"EN-US\" style=\"font-family: 'Sweco Sans';color: black\">At the same time, we shouldn&#8217;t clear an area to create new biodiversity, if we can support the nature that is already there.\u201d<\/span><\/p>\n<\/div><\/div><div class=\"col item item--1-3 col--4\"><div class=\"item__content editor-content\" data-clickable=\"false\"><h3><\/h3><\/div><\/div>\t\t\t\n\t\t\t\t\t<\/div>\n\t<\/div>\n<\/section>\n\n\n<section class=\"block cb block--white\" >\n\t<div class=\"block__inner cb__inner cb__inner--one\">\n\t<div class=\"col--12 col--center col--wrapper\">\n\t\t<div class=\"col col--6 editor-content\">\n\t\t\t<h5>A multidisciplinary approach to biodiversity<\/h5>\n<p>Biodiversity is a discipline that requires multidisciplinary expertise. Sweco has some of the country&#8217;s best experts with vast knowledge of both plants and animals. Our biologists carry out screenings and in close dialogue with the customer, our landscape architects use this knowledge as a design parameter for landscape projects in cities, residential areas, squares and parks.<\/p>\n<p>In addition to our biologists and landscape architects, our sustainability specialists, geologists and water engineers ensure that we can advise on all kinds of biodiversity projects. This interdisciplinary collaboration systematically collects, disseminates, and incorporates knowledge into our clients&#8217; projects.<\/p>\n<h5>CSRD and ESRS compliance<\/h5>\n<p>Biodiversity is a key focus in sustainability reporting under the EU Corporate Sustainability Reporting Directive (CSRD). Companies must document their impact on biodiversity and the initiatives they have implemented to preserve and enhance biodiversity. At Sweco, we can help you integrate biodiversity into your sustainability reporting and document your efforts in this area.<\/p>\n\t\t<\/div>\n\t<\/div>\n<\/div>\n<\/section>\n\n\n<section class=\"block block--white selected-faq\" >\n\t<div class=\"block__inner selected-faq__inner block__inner--center\">\n\t\t<div class=\"col--6\">\n\t\t\t\t\t\t<div class=\"editor-content\">\n\t\t\t\t<h2>Some of our biodiversity services<\/h2>\n\t\t\t<\/div>\n\t\t\t\t\t\t<div class=\"selected-faq__questions\">\n\t\t\t\t<div class=\"question\">\n\t<h3  class=\"question__trigger h3\">\t\tBiodiversity screening and analysis\t\t<i class=\"icon icon-chev-down\"><\/i>\n\t<\/h3>\t<div class=\"question__answer\">\n\t\t<div  class=\"editor-content\">\n\t\t\t<p>By mapping the existing biological condition in and around a project area, such as existing natural areas, new developments, parks, and along roads, we create a knowledge base and ensure the best possible conservation and development of biodiversity. We can perform the biodiversity screening at different levels.<\/p>\n\t\t<\/div>\n\t<\/div>\n<\/div><div class=\"question\">\n\t<h3  class=\"question__trigger h3\">\t\tOther services\t\t<i class=\"icon icon-chev-down\"><\/i>\n\t<\/h3>\t<div class=\"question__answer\">\n\t\t<div  class=\"editor-content\">\n\t\t\t<p>Development of biodiversity policies and action plans<\/p>\n<p>&nbsp;<\/p>\n<p>Preparation of aftercare plans following extraction of raw materials<\/p>\n<p>&nbsp;<\/p>\n<p>Establishment of dispersal corridors to create large coherent areas<\/p>\n<p>&nbsp;<\/p>\n<p>Education and communication about biodiversity for operational staff, schools, caretakers, and others.<\/p>\n<p>&nbsp;<\/p>\n<p>Integration of biodiversity considerations into climate projects<\/p>\n<p>&nbsp;<\/p>\n<p>Screening of afforestation projects<\/p>\n<p>&nbsp;<\/p>\n<p>Rainwater management<\/p>\n<p>&nbsp;<\/p>\n<p>Landfill \u2013 change of use and nature restoration<\/p>\n\t\t<\/div>\n\t<\/div>\n<\/div><div class=\"question\">\n\t<h3  class=\"question__trigger h3\">\t\tBiodiversity and physical planning\t\t<i class=\"icon icon-chev-down\"><\/i>\n\t<\/h3>\t<div class=\"question__answer\">\n\t\t<div  class=\"editor-content\">\n\t\t\t<p>Physical planning has a significant impact on future opportunities to enhance biodiversity. The planning includes land use, urban structures, the location of facilities and functions, transport patterns, coastal protection, as well as management of floods and heavy rainfalls. Through physical planning, our urban planning specialists establish the framework for nature and green spaces \u2013 from large-scale green structures, dispersal corridors, and wildlife passages to the design of shared open spaces and recreational areas.  <\/p>\n<p>&nbsp;<\/p>\n<p>We also work with design solutions where rainwater is visible and contributes to increased biodiversity, nature experiences and recreational opportunities for urban users.<\/p>\n<p>&nbsp;<\/p>\n<p>L\u00e6s mere om <a href=\"https:\/\/www.sweco.dk\/ydelser\/sweco-architects\/byplanlaegning\/\" target=\"_blank\" rel=\"noopener\">vores arbejde med byplanl\u00e6gning her<\/a>.<\/p>\n\t\t<\/div>\n\t<\/div>\n<\/div><div class=\"question\">\n\t<h3  class=\"question__trigger h3\">\t\tBiofactor evaluation of your project\t\t<i class=\"icon icon-chev-down\"><\/i>\n\t<\/h3>\t<div class=\"question__answer\">\n\t\t<div  class=\"editor-content\">\n\t\t\t<p>Biofactors provide a measure of the extent of an area&#8217;s green elements in relation to its size. By incorporating roof surfaces, facades, and rear walls \u2013 and by making surfaces accessible to vegetation and water flow \u2013 it is possible to achieve high biofactor values, even in the densest urban areas. We will assist with a biofactor evaluation for your project area, which is also useful when setting specific goals.  <\/p>\n\t\t<\/div>\n\t<\/div>\n<\/div><div class=\"question\">\n\t<h3  class=\"question__trigger h3\">\t\tThe development of nature quality and biodiversity on existing land\t\t<i class=\"icon icon-chev-down\"><\/i>\n\t<\/h3>\t<div class=\"question__answer\">\n\t\t<div  class=\"editor-content\">\n\t\t\t<p>Der er et stort uudnyttet potentiale for at styrke biodiversiteten ved at arbejde strategisk med eksisterende arealer omkring f.eks. private virksomheder, offentlige institutioner, i parker, langs veje, ved kirker, ejerforeninger, boligforeninger, haver, landbrugsejendomme, efter r\u00e5stofudvinding.<\/p>\n<p>&nbsp;<\/p>\n<p>Vi hj\u00e6lper ogs\u00e5 med at vurdere naturpotentialer ved opk\u00f8b af arealer, der skal omdannes til natur, og vi har desuden stor ekspertise i at udarbejde plejeplaner for eksisterende naturomr\u00e5der.<\/p>\n<p>&nbsp;<\/p>\n<p>Udvikling af eksisterende arealer giver mere oplevelsesrige omgivelser og uderum, som mennesker tiltr\u00e6kkes af og trives i \u2013 og Indsatserne kan med fordel indg\u00e5 i ESG-rapportering<\/p>\n\t\t<\/div>\n\t<\/div>\n<\/div><div class=\"question\">\n\t<h3  class=\"question__trigger h3\">\t\tCalculating the biodiversity footprint over the lifecycle of a building\t\t<i class=\"icon icon-chev-down\"><\/i>\n\t<\/h3>\t<div class=\"question__answer\">\n\t\t<div  class=\"editor-content\">\n\t\t\t<p>We help give clients an overview of the overall biodiversity footprint of the building and which parts of the building have the greatest impact. We calculate the impact of the construction on the surrounding biodiversity, i.e., \u2018on-site\u2019, as well as the biodiversity impact of the building&#8217;s energy consumption, and the production of the materials used, i.e., \u2018off-site\u2019. We calculate the impact of the construction on the surrounding biodiversity, i.e., \u2018on-site\u2019, as well as the biodiversity impact of the building&#8217;s energy consumption, and the production of the materials used, i.e., \u2018off-site\u2019.<\/p>\n<p>&nbsp;<\/p>\n<p>. S\u00e5 kontakt Christine Collin, Afdelingschef for B\u00e6redygtighed <a href=\"christine.collin@sweco.dk\">christine.collin@sweco.dk<\/a><\/p>\n\t\t<\/div>\n\t<\/div>\n<\/div>\t\t\t<\/div>\n\t\t<\/div>\n\t<\/div>\n<\/section>\n\n\n\n\n    <section class=\"block block--white contacts\" >\n        <div class=\"block__inner contacts__inner\">\n            <div class=\"col--11 col--wrapper col--stretch\">\n\t\t\t\t\t\t\t\t                    <div class=\"col col--6 person person--card--img\">\n                        <div class=\"person__inner\">\n\t\t\t\t\t\t\t<img loading=\"lazy\" decoding=\"async\" width=\"310\" height=\"420\" src=\"https:\/\/www.sweco.dk\/wp-content\/uploads\/sites\/4\/2021\/01\/Louise_Skytte-310x420.jpg\" class=\"attachment-people-card size-people-card wp-post-image\" alt=\"Louise Skytte\" srcset=\"https:\/\/www.sweco.dk\/wp-content\/uploads\/sites\/4\/2021\/01\/Louise_Skytte.jpg 310w, https:\/\/www.sweco.dk\/wp-content\/uploads\/sites\/4\/2021\/01\/Louise_Skytte-221x300.jpg 221w\" sizes=\"auto, (max-width: 310px) 100vw, 310px\" \/>                            <div class=\"person__content editor-content\">\n                                <p class=\"h4 hyphenate\">Louise Skytte Clausen<\/p>                                <em>Director \/ Climate, Environment &amp; Sustainability<\/em>\n\t\t\t\t\t\t\t\t\t\t\t\t\t\t\t\t\t<div class=\"person__contact\">\n\t\t\t\t\t\t\t\t\t\t\t\t\t\t\t\t\t\t\t\t\t<button class=\"btn btn__small btn__secondary contact-info-btn\" data_contact-id=\"25689\" data-email-subject=\"\">Show contact information<\/button>\n\t\t\t\t\t\t\t\t\t\t\t\t\t\t\t\t\t\t\t<\/div>\n\t\t\t\t\t\t\t\t                            <\/div>\n                        <\/div>\n                    <\/div>\n\t\t\t\t                    <div class=\"col col--6 person person--card--img\">\n                        <div class=\"person__inner\">\n\t\t\t\t\t\t\t<img loading=\"lazy\" decoding=\"async\" width=\"310\" height=\"401\" src=\"https:\/\/www.sweco.dk\/wp-content\/uploads\/sites\/4\/2022\/01\/Carina-Rosenbech-DKCARR-310x420px.jpg\" class=\"attachment-people-card size-people-card wp-post-image\" alt=\"\" srcset=\"https:\/\/www.sweco.dk\/wp-content\/uploads\/sites\/4\/2022\/01\/Carina-Rosenbech-DKCARR-310x420px.jpg 310w, https:\/\/www.sweco.dk\/wp-content\/uploads\/sites\/4\/2022\/01\/Carina-Rosenbech-DKCARR-310x420px-232x300.jpg 232w\" sizes=\"auto, (max-width: 310px) 100vw, 310px\" \/>                            <div class=\"person__content editor-content\">\n                                <p class=\"h4 hyphenate\">Carina Rosenbech<\/p>                                <em>Team Manager \/ Landscape West \/ Landscape Architect<\/em>\n\t\t\t\t\t\t\t\t\t\t\t\t\t\t\t\t\t<div class=\"person__contact\">\n\t\t\t\t\t\t\t\t\t\t\t\t\t\t\t\t\t\t\t\t\t<button class=\"btn btn__small btn__secondary contact-info-btn\" data_contact-id=\"25713\" data-email-subject=\"\">Show contact information<\/button>\n\t\t\t\t\t\t\t\t\t\t\t\t\t\t\t\t\t\t\t<\/div>\n\t\t\t\t\t\t\t\t                            <\/div>\n                        <\/div>\n                    <\/div>\n\t\t\t\t                    <div class=\"col col--6 person person--card--img\">\n                        <div class=\"person__inner\">\n\t\t\t\t\t\t\t<img loading=\"lazy\" decoding=\"async\" width=\"310\" height=\"420\" src=\"https:\/\/www.sweco.dk\/wp-content\/uploads\/sites\/4\/2021\/02\/AnjaBoserup_36088_310x420px-310x420.jpg\" class=\"attachment-people-card size-people-card wp-post-image\" alt=\"Anja Boserup\" srcset=\"https:\/\/www.sweco.dk\/wp-content\/uploads\/sites\/4\/2021\/02\/AnjaBoserup_36088_310x420px.jpg 310w, https:\/\/www.sweco.dk\/wp-content\/uploads\/sites\/4\/2021\/02\/AnjaBoserup_36088_310x420px-221x300.jpg 221w\" sizes=\"auto, (max-width: 310px) 100vw, 310px\" \/>                            <div class=\"person__content editor-content\">\n                                <p class=\"h4 hyphenate\">Anja Boserup<\/p>                                <em>Team Manager \/ Landscape East \/ Landscape Architect<\/em>\n\t\t\t\t\t\t\t\t\t\t\t\t\t\t\t\t\t<div class=\"person__contact\">\n\t\t\t\t\t\t\t\t\t\t\t\t\t\t\t\t\t\t\t\t\t<button class=\"btn btn__small btn__secondary contact-info-btn\" data_contact-id=\"25437\" data-email-subject=\"\">Show contact information<\/button>\n\t\t\t\t\t\t\t\t\t\t\t\t\t\t\t\t\t\t\t<\/div>\n\t\t\t\t\t\t\t\t                            <\/div>\n                        <\/div>\n                    <\/div>\n\t\t\t\t            <\/div>\n        <\/div>\n    <\/section>\n","protected":false},"excerpt":{"rendered":"","protected":false},"author":247,"featured_media":38808,"parent":24005,"menu_order":0,"comment_status":"closed","ping_status":"closed","template":"","meta":{"_acf_changed":false,"_seopress_robots_primary_cat":"","_seopress_titles_title":"Biodiversity - Sweco Denmark","_seopress_titles_desc":"Sweco aims to lead the green transition across our markets, enhancing biodiversity through projects tailored to local conditions and client needs.","_seopress_robots_index":"","footnotes":""},"class_list":["post-53326","page","type-page","status-publish","has-post-thumbnail","hentry"],"acf":[],"_links":{"self":[{"href":"https:\/\/www.sweco.dk\/en\/wp-json\/wp\/v2\/pages\/53326","targetHints":{"allow":["GET"]}}],"collection":[{"href":"https:\/\/www.sweco.dk\/en\/wp-json\/wp\/v2\/pages"}],"about":[{"href":"https:\/\/www.sweco.dk\/en\/wp-json\/wp\/v2\/types\/page"}],"author":[{"embeddable":true,"href":"https:\/\/www.sweco.dk\/en\/wp-json\/wp\/v2\/users\/247"}],"replies":[{"embeddable":true,"href":"https:\/\/www.sweco.dk\/en\/wp-json\/wp\/v2\/comments?post=53326"}],"version-history":[{"count":4,"href":"https:\/\/www.sweco.dk\/en\/wp-json\/wp\/v2\/pages\/53326\/revisions"}],"predecessor-version":[{"id":60582,"href":"https:\/\/www.sweco.dk\/en\/wp-json\/wp\/v2\/pages\/53326\/revisions\/60582"}],"up":[{"embeddable":true,"href":"https:\/\/www.sweco.dk\/en\/wp-json\/wp\/v2\/pages\/24005"}],"wp:featuredmedia":[{"embeddable":true,"href":"https:\/\/www.sweco.dk\/en\/wp-json\/wp\/v2\/media\/38808"}],"wp:attachment":[{"href":"https:\/\/www.sweco.dk\/en\/wp-json\/wp\/v2\/media?parent=53326"}],"curies":[{"name":"wp","href":"https:\/\/api.w.org\/{rel}","templated":true}]}}