{"id":24790,"date":"2021-12-15T13:55:54","date_gmt":"2021-12-15T13:55:54","guid":{"rendered":"https:\/\/www.sweco.dk\/sustainability\/internal-sustainability-at-sweco-denmark\/"},"modified":"2023-08-15T12:59:13","modified_gmt":"2023-08-15T12:59:13","slug":"internal-sustainability-at-sweco-denmark","status":"publish","type":"page","link":"https:\/\/www.sweco.dk\/en\/sustainability\/internal-sustainability-at-sweco-denmark\/","title":{"rendered":"Internal sustainability at Sweco Denmark"},"content":{"rendered":"<section class=\"block block--white columns\" >\n\t<div class=\"block__inner columns__inner\">\n\t\t<div class=\"col--11 col--wrapper col--stretch\">\n\t\t\t\n\t\t\t\t\t\t\t<div class=\"columns__col col col--12\">\n\t\t\t\t\t<div class=\"editor-content columns__content columns__content--image\">\n\t\t\t\t\t\t<img loading=\"lazy\" decoding=\"async\" width=\"1680\" height=\"700\" src=\"https:\/\/www.sweco.dk\/wp-content\/uploads\/sites\/4\/2021\/03\/swecodanmark_HQ-1.jpg\" class=\"attachment-full size-full\" alt=\"Sweco HQ atrium\" srcset=\"https:\/\/www.sweco.dk\/wp-content\/uploads\/sites\/4\/2021\/03\/swecodanmark_HQ-1.jpg 1680w, https:\/\/www.sweco.dk\/wp-content\/uploads\/sites\/4\/2021\/03\/swecodanmark_HQ-1-300x125.jpg 300w, https:\/\/www.sweco.dk\/wp-content\/uploads\/sites\/4\/2021\/03\/swecodanmark_HQ-1-1024x427.jpg 1024w, https:\/\/www.sweco.dk\/wp-content\/uploads\/sites\/4\/2021\/03\/swecodanmark_HQ-1-768x320.jpg 768w, https:\/\/www.sweco.dk\/wp-content\/uploads\/sites\/4\/2021\/03\/swecodanmark_HQ-1-1536x640.jpg 1536w, https:\/\/www.sweco.dk\/wp-content\/uploads\/sites\/4\/2021\/03\/swecodanmark_HQ-1-520x217.jpg 520w, https:\/\/www.sweco.dk\/wp-content\/uploads\/sites\/4\/2021\/03\/swecodanmark_HQ-1-800x333.jpg 800w, https:\/\/www.sweco.dk\/wp-content\/uploads\/sites\/4\/2021\/03\/swecodanmark_HQ-1-720x300.jpg 720w\" sizes=\"auto, (max-width: 1680px) 100vw, 1680px\" \/>\t\t\t\t\t<\/div>\n\t\t\t\t<\/div>\n\t\t\t\n\t\t<\/div>\n\t<\/div>\n<\/section>\n\n\n<section class=\"block architects-intro block--white\" >\n\t<div class=\"block__inner architects-intro__inner\">\n\t\t<div class=\"col--11 col--start col--wrapper editor-content\">\n\t\t\t\t\t\t\t<div class=\"col col--5\">\n                    <p class=\"architect-special hyphenate\">Sustainability<\/p>\n\t\t\t\t\t<h1 class=\"h1 hyphenate\">Internal sustainability at Sweco<\/h1>\t\t\t\t<\/div>\n\t\t\t\n\t\t\t\t\t\t\t<div class=\"col col--4 push--1\">\n\t\t\t\t\t\t\t\t\t\t<p><p>At Sweco, we help our clients daily to design tomorrow\u2019s sustainable cities and communities, but sustainability is also a factor in terms of running our own business. Consequently, we have set ambitious goals and make sustainable choices, for example when it comes to our buildings, offices and canteen operations, travel and company car agreements.<\/p>\n<p>Our in-house climate goals are:<\/p>\n<p>&#8211; We will be 100% carbon-neutral and achieve complete climate-neutrality by 2040 at the latest<\/p>\n<p>&#8211; By 2030, we will have reduced our carbon emissions by 60%.<\/p>\n<\/p>\n\t\t\t\t\t\t\t\t\t<\/div>\n\t\t\t\n            \t\t<\/div>\n\t<\/div>\n<\/section>\n\n\n<section class=\"block cb block--white\" >\n\t<div class=\"block__inner cb__inner cb__inner--one\">\n\t<div class=\"col--12 col--center col--wrapper\">\n\t\t<div class=\"col col--6 editor-content\">\n\t\t\t<p>By comparison, the political ambition in Denmark is to achieve carbon-neutrality by 2050, while the desired reduction in carbon emissions in the 2020-2030 period is 56% according to the national plan. Sweco is thus making a positive contribution as a climate frontrunner to the green transition in Denmark.<\/p>\n<p>Since 2017, Sweco Denmark has realised significant reductions in its carbon emissions. Our head office in \u00d8restad is DGNB Gold-certified, we only use certified green electricity from wind power in all our offices, and we have disposed of water in plastic bottles in all offices to name just a few initiatives.<\/p>\n<h2 class=\"h5\">First climate accounts being published in 2021<\/h2>\n<p>In January 2021, Denmark and all the other Sweco countries will deliver the first set of climate accounts, which will be published with the Sweco group\u2019s annual report. Working with the 2020 climate accounts has given us a greater insight into which focus areas will give the greatest climate effect. Action plans to achieve our climate goals year by year will, together with our internal sustainability initiatives, ensure that Sweco Denmark becomes 100% climate-neutral during the next 20 years.<\/p>\n\t\t<\/div>\n\t<\/div>\n<\/div>\n<\/section>\n\n\n    <section class=\"block block--white contacts\" >\n        <div class=\"block__inner contacts__inner\">\n            <div class=\"col--11 col--wrapper col--stretch\">\n\t\t\t\t\t\t\t\t                    <div class=\"col col--6 person person--card--img\">\n                        <div class=\"person__inner\">\n\t\t\t\t\t\t\t<img loading=\"lazy\" decoding=\"async\" width=\"310\" height=\"420\" src=\"https:\/\/www.sweco.dk\/wp-content\/uploads\/sites\/4\/2021\/01\/ViviVejen_35883_310x420px-310x420.jpg\" class=\"attachment-people-card size-people-card wp-post-image\" alt=\"Vivi Vejen\" srcset=\"https:\/\/www.sweco.dk\/wp-content\/uploads\/sites\/4\/2021\/01\/ViviVejen_35883_310x420px.jpg 310w, https:\/\/www.sweco.dk\/wp-content\/uploads\/sites\/4\/2021\/01\/ViviVejen_35883_310x420px-221x300.jpg 221w\" sizes=\"auto, (max-width: 310px) 100vw, 310px\" \/>                            <div class=\"person__content editor-content\">\n                                <p class=\"h4 hyphenate\">Vivi Vejen<\/p>                                <em>CEO Secretary<\/em>\n\t\t\t\t\t\t\t\t\t\t\t\t\t\t\t\t\t<div class=\"person__contact\">\n\t\t\t\t\t\t\t\t\t\t\t\t\t\t\t\t\t\t\t\t\t<button class=\"btn btn__small btn__secondary contact-info-btn\" data_contact-id=\"25703\" data-email-subject=\"\">Show contact information<\/button>\n\t\t\t\t\t\t\t\t\t\t\t\t\t\t\t\t\t\t\t<\/div>\n\t\t\t\t\t\t\t\t                            <\/div>\n                        <\/div>\n                    <\/div>\n\t\t\t\t            <\/div>\n        <\/div>\n    <\/section>\n\n\n    <section class=\"block block--white related-content\" >\n        <div class=\"block__inner related-content__inner\">\n            <div class=\"col--11 col--wrapper col--start col--stretch col--bottom \">\n                                    <div class=\"col col--12 editor-content related-content__title\">\n                        <h3 class=\"h3 hyphenate\">Related services<\/h3>                    <\/div>\n                \n                                    <div class=\"col col--4 item\">\n\n                        \n                                                    <div class=\"item__content editor-content\" data-clickable=\"true\">\n                                                                <div class=\"item__content--wrapper\">\n                                    <h4 class=\"h5 hyphenate\"><a href='https:\/\/www.sweco.dk\/en\/sustainability\/our-goals\/' class='' title='Our goals'>Our goals<\/a><\/h4>                                    <button class=\"btn btn__arrow\" aria-label=\"Our goals\">\n                                        <i class=\"icon icon-arrow-right\"><\/i>\n                                    <\/button>\n                                <\/div>\n                            <\/div>\n                                            <\/div>\n                                    <div class=\"col col--4 item item--img\">\n\n                                                    <a href=\"https:\/\/www.sweco.dk\/en\/sustainability\/uns-17-global-goals\/\" title=\"UN\u2019s 17 Global Goals\" >\n                                <div class=\"item__title\">\n                                    <p class=\"h4 hyphenate\">UN\u2019s 17 Global Goals<\/p>                                    <p class=\"item__title--info\">\n                                                                                                                                                            <\/p>\n                                <\/div>\n                                <figure class=\"item__image\">\n                                    <img loading=\"lazy\" decoding=\"async\" width=\"520\" height=\"296\" src=\"https:\/\/www.sweco.dk\/wp-content\/uploads\/sites\/4\/2021\/02\/verdensmaal_cluster2-520x296.jpg\" class=\"attachment-insights-featured size-insights-featured\" alt=\"Verdensm\u00e5l p\u00e5 v\u00e6g\" \/>                                <\/figure>\n                            <\/a>\n                        \n                                            <\/div>\n                                    <div class=\"col col--4 item item--img\">\n\n                                                    <a href=\"https:\/\/www.sweco.dk\/en\/sustainability\/certifications\/\" title=\"Certifications\" >\n                                <div class=\"item__title\">\n                                    <p class=\"h4 hyphenate\">Certifications<\/p>                                    <p class=\"item__title--info\">\n                                                                                                                                                            <\/p>\n                                <\/div>\n                                <figure class=\"item__image\">\n                                    <img loading=\"lazy\" decoding=\"async\" width=\"520\" height=\"296\" src=\"https:\/\/www.sweco.dk\/wp-content\/uploads\/sites\/4\/2021\/02\/greensquare_garden5-520x296.jpg\" class=\"attachment-insights-featured size-insights-featured\" alt=\"Greensquare Garden g\u00e5rdrum\" \/>                                <\/figure>\n                            <\/a>\n                        \n                                            <\/div>\n                                    <div class=\"col col--4 item\">\n\n                        \n                                                    <div class=\"item__content editor-content\" data-clickable=\"true\">\n                                                                <div class=\"item__content--wrapper\">\n                                    <h4 class=\"h5 hyphenate\"><a href='https:\/\/www.sweco.dk\/en\/sustainability\/wood-construction\/' class='' title='Wood construction'>Wood construction<\/a><\/h4>                                    <button class=\"btn btn__arrow\" aria-label=\"Wood construction\">\n                                        <i class=\"icon icon-arrow-right\"><\/i>\n                                    <\/button>\n                                <\/div>\n                            <\/div>\n                                            <\/div>\n                \n                            <\/div>\n        <\/div>\n    <\/section>\n","protected":false},"excerpt":{"rendered":"","protected":false},"author":247,"featured_media":20271,"parent":24676,"menu_order":6,"comment_status":"closed","ping_status":"closed","template":"","meta":{"_acf_changed":false,"_seopress_robots_primary_cat":"","_seopress_titles_title":"Internal sustainability at Sweco Danmark","_seopress_titles_desc":"We will be 100% carbon-neutral and achieve complete climate-neutrality by 2040 at the latest.","_seopress_robots_index":"","footnotes":""},"class_list":["post-24790","page","type-page","status-publish","has-post-thumbnail","hentry"],"acf":[],"_links":{"self":[{"href":"https:\/\/www.sweco.dk\/en\/wp-json\/wp\/v2\/pages\/24790","targetHints":{"allow":["GET"]}}],"collection":[{"href":"https:\/\/www.sweco.dk\/en\/wp-json\/wp\/v2\/pages"}],"about":[{"href":"https:\/\/www.sweco.dk\/en\/wp-json\/wp\/v2\/types\/page"}],"author":[{"embeddable":true,"href":"https:\/\/www.sweco.dk\/en\/wp-json\/wp\/v2\/users\/247"}],"replies":[{"embeddable":true,"href":"https:\/\/www.sweco.dk\/en\/wp-json\/wp\/v2\/comments?post=24790"}],"version-history":[{"count":14,"href":"https:\/\/www.sweco.dk\/en\/wp-json\/wp\/v2\/pages\/24790\/revisions"}],"predecessor-version":[{"id":42711,"href":"https:\/\/www.sweco.dk\/en\/wp-json\/wp\/v2\/pages\/24790\/revisions\/42711"}],"up":[{"embeddable":true,"href":"https:\/\/www.sweco.dk\/en\/wp-json\/wp\/v2\/pages\/24676"}],"wp:featuredmedia":[{"embeddable":true,"href":"https:\/\/www.sweco.dk\/en\/wp-json\/wp\/v2\/media\/20271"}],"wp:attachment":[{"href":"https:\/\/www.sweco.dk\/en\/wp-json\/wp\/v2\/media?parent=24790"}],"curies":[{"name":"wp","href":"https:\/\/api.w.org\/{rel}","templated":true}]}}