{"id":24780,"date":"2021-12-15T13:16:00","date_gmt":"2021-12-15T13:16:00","guid":{"rendered":"https:\/\/www.sweco.dk\/sustainability\/our-goals\/"},"modified":"2023-04-27T11:43:45","modified_gmt":"2023-04-27T11:43:45","slug":"our-goals","status":"publish","type":"page","link":"https:\/\/www.sweco.dk\/en\/sustainability\/our-goals\/","title":{"rendered":"Our goals"},"content":{"rendered":"<section class=\"block block--white columns\" >\n\t<div class=\"block__inner columns__inner\">\n\t\t<div class=\"col--11 col--wrapper col--stretch\">\n\t\t\t\n\t\t\t\t\t\t\t<div class=\"columns__col col col--12\">\n\t\t\t\t\t<div class=\"editor-content columns__content columns__content--image\">\n\t\t\t\t\t\t<img loading=\"lazy\" decoding=\"async\" width=\"1680\" height=\"700\" src=\"https:\/\/www.sweco.dk\/wp-content\/uploads\/sites\/4\/2021\/03\/vores_maal_rapport-1.jpg\" class=\"attachment-full size-full\" alt=\"Vores M\u00e5l-rapporten\" srcset=\"https:\/\/www.sweco.dk\/wp-content\/uploads\/sites\/4\/2021\/03\/vores_maal_rapport-1.jpg 1680w, https:\/\/www.sweco.dk\/wp-content\/uploads\/sites\/4\/2021\/03\/vores_maal_rapport-1-300x125.jpg 300w, https:\/\/www.sweco.dk\/wp-content\/uploads\/sites\/4\/2021\/03\/vores_maal_rapport-1-1024x427.jpg 1024w, https:\/\/www.sweco.dk\/wp-content\/uploads\/sites\/4\/2021\/03\/vores_maal_rapport-1-768x320.jpg 768w, https:\/\/www.sweco.dk\/wp-content\/uploads\/sites\/4\/2021\/03\/vores_maal_rapport-1-1536x640.jpg 1536w, https:\/\/www.sweco.dk\/wp-content\/uploads\/sites\/4\/2021\/03\/vores_maal_rapport-1-520x217.jpg 520w, https:\/\/www.sweco.dk\/wp-content\/uploads\/sites\/4\/2021\/03\/vores_maal_rapport-1-800x333.jpg 800w, https:\/\/www.sweco.dk\/wp-content\/uploads\/sites\/4\/2021\/03\/vores_maal_rapport-1-720x300.jpg 720w\" sizes=\"auto, (max-width: 1680px) 100vw, 1680px\" \/>\t\t\t\t\t<\/div>\n\t\t\t\t<\/div>\n\t\t\t\n\t\t<\/div>\n\t<\/div>\n<\/section>\n\n\n<section class=\"block architects-intro block--white\" >\n\t<div class=\"block__inner architects-intro__inner\">\n\t\t<div class=\"col--11 col--start col--wrapper editor-content\">\n\t\t\t\t\t\t\t<div class=\"col col--5\">\n                    <p class=\"architect-special hyphenate\">Sustainability<\/p>\n\t\t\t\t\t<h1 class=\"h1 hyphenate\">Our goals<\/h1>\t\t\t\t<\/div>\n\t\t\t\n\t\t\t\t\t\t\t<div class=\"col col--4 push--1\">\n\t\t\t\t\t\t\t\t\t\t<p><p>The UN\u2019s 17 Global Goals are all about making the world a better place. A more sustainable place, and a more prosperous and more peaceful place. In Denmark, Sweco has committed to achieving these goals. Not with empty talk, but with concrete action.<\/p>\n<p>A collaboration between Statistics Denmark and The 2030-Panel comprising Sweco, Deloitte, Geelmuyden Kiese, Danish Energy Management (DEM), Kraka, Roskilde University (RUC) and Aalborg University (AAR) has developed a starting point \u2013 a baseline \u2013 for the Global Goals in Denmark.<\/p>\n<p>The report \u2018Make Global Goals Our Goals \u2013 197 Danish indicators for a more sustainable world\u2019 aims to set the direction for Denmark\u2019s continued work with the Global Goals, while at the same time raising awareness of the Global Goals and involving all interested parties.<\/p>\n<\/p>\n\t\t\t\t\t\t\t\t\t<\/div>\n\t\t\t\n            \t\t<\/div>\n\t<\/div>\n<\/section>\n\n\n<section class=\"block cb block--white\" >\n\t<div class=\"block__inner cb__inner cb__inner--one\">\n\t<div class=\"col--12 col--center col--wrapper\">\n\t\t<div class=\"col col--6 editor-content\">\n\t\t\t<p>\u201dWe are incredibly proud to have contributed to this report, which was launched by Statistics Denmark and The 2030-Panel. This is an important piece of work that makes Denmark\u2019s path towards a more sustainable society concrete and measurable. When looking at the indicators, it is clear that Denmark is making good progress according to several parameters. But there are also many areas where we have a long way to go.<\/p>\n<p>With the indicators, we now have a common frame of reference for where and how to take action. I\u2019m looking forward to seeing how the Danish government and the political parties will use the national indicators in future\u201d &#8211; Dariush Rezai, CEO i Sweco<\/p>\n<p>The 197 Danish indicators were presented to the Danish Minister of Finance, Nicolai Wammen, at Christiansborg on 9 September 2020. Developing the indicators was financed by the Danish Industry Foundation, Lundbeckfonden, Nordea-fonden, Realdania and the Spar Nord Foundation.<\/p>\n<p>If you want to read the UN\u2019s 17 Global Goals, you can find them <a href=\"https:\/\/www.verdensmaalene.dk\/fakta\/verdensmaalene\">here <\/a><\/p>\n\t\t<\/div>\n\t<\/div>\n<\/div>\n<\/section>\n\n\n    <section class=\"block block--white related-content\" >\n        <div class=\"block__inner related-content__inner\">\n            <div class=\"col--11 col--wrapper col--start col--stretch col--bottom \">\n                                    <div class=\"col col--12 editor-content related-content__title\">\n                        <h3 class=\"h3 hyphenate\">Related services<\/h3>                    <\/div>\n                \n                                    <div class=\"col col--4 item item--img\">\n\n                                                    <a href=\"https:\/\/www.sweco.dk\/en\/sustainability\/uns-17-global-goals\/\" title=\"UN\u2019s 17 Global Goals\" >\n                                <div class=\"item__title\">\n                                    <p class=\"h4 hyphenate\">UN\u2019s 17 Global Goals<\/p>                                    <p class=\"item__title--info\">\n                                                                                                                                                            <\/p>\n                                <\/div>\n                                <figure class=\"item__image\">\n                                    <img loading=\"lazy\" decoding=\"async\" width=\"520\" height=\"296\" src=\"https:\/\/www.sweco.dk\/wp-content\/uploads\/sites\/4\/2021\/02\/verdensmaal_cluster2-520x296.jpg\" class=\"attachment-insights-featured size-insights-featured\" alt=\"Verdensm\u00e5l p\u00e5 v\u00e6g\" \/>                                <\/figure>\n                            <\/a>\n                        \n                                            <\/div>\n                                    <div class=\"col col--4 item item--img\">\n\n                                                    <a href=\"https:\/\/www.sweco.dk\/en\/sustainability\/internal-sustainability-at-sweco-denmark\/\" title=\"Internal sustainability at Sweco Denmark\" >\n                                <div class=\"item__title\">\n                                    <p class=\"h4 hyphenate\">Internal sustainability at Sweco Denmark<\/p>                                    <p class=\"item__title--info\">\n                                                                                                                                                            <\/p>\n                                <\/div>\n                                <figure class=\"item__image\">\n                                    <img loading=\"lazy\" decoding=\"async\" width=\"520\" height=\"296\" src=\"https:\/\/www.sweco.dk\/wp-content\/uploads\/sites\/4\/2021\/02\/sweco_hq2-520x296.jpg\" class=\"attachment-insights-featured size-insights-featured\" alt=\"Sweco HQ atrium med trappe\" \/>                                <\/figure>\n                            <\/a>\n                        \n                                            <\/div>\n                                    <div class=\"col col--4 item item--img\">\n\n                                                    <a href=\"https:\/\/www.sweco.dk\/en\/sustainability\/certifications\/\" title=\"Certifications\" >\n                                <div class=\"item__title\">\n                                    <p class=\"h4 hyphenate\">Certifications<\/p>                                    <p class=\"item__title--info\">\n                                                                                                                                                            <\/p>\n                                <\/div>\n                                <figure class=\"item__image\">\n                                    <img loading=\"lazy\" decoding=\"async\" width=\"520\" height=\"296\" src=\"https:\/\/www.sweco.dk\/wp-content\/uploads\/sites\/4\/2021\/02\/03-GreensquareGarden_Tornfeldt-520x296.jpg\" class=\"attachment-insights-featured size-insights-featured\" alt=\"Greensquare Garden bolig\" \/>                                <\/figure>\n                            <\/a>\n                        \n                                            <\/div>\n                \n                            <\/div>\n        <\/div>\n    <\/section>\n","protected":false},"excerpt":{"rendered":"","protected":false},"author":247,"featured_media":0,"parent":24676,"menu_order":5,"comment_status":"closed","ping_status":"closed","template":"","meta":{"_acf_changed":false,"_seopress_robots_primary_cat":"","_seopress_titles_title":"Our goals - Sweco Danmark","_seopress_titles_desc":"The report \u2018Make Global Goals Our Goals \u2013 197 Danish indicators for a more sustainable world\u2019, which Sweco has helped to prepare, has just been published. ","_seopress_robots_index":"","footnotes":""},"class_list":["post-24780","page","type-page","status-publish","hentry"],"acf":[],"_links":{"self":[{"href":"https:\/\/www.sweco.dk\/en\/wp-json\/wp\/v2\/pages\/24780","targetHints":{"allow":["GET"]}}],"collection":[{"href":"https:\/\/www.sweco.dk\/en\/wp-json\/wp\/v2\/pages"}],"about":[{"href":"https:\/\/www.sweco.dk\/en\/wp-json\/wp\/v2\/types\/page"}],"author":[{"embeddable":true,"href":"https:\/\/www.sweco.dk\/en\/wp-json\/wp\/v2\/users\/247"}],"replies":[{"embeddable":true,"href":"https:\/\/www.sweco.dk\/en\/wp-json\/wp\/v2\/comments?post=24780"}],"version-history":[{"count":15,"href":"https:\/\/www.sweco.dk\/en\/wp-json\/wp\/v2\/pages\/24780\/revisions"}],"predecessor-version":[{"id":40505,"href":"https:\/\/www.sweco.dk\/en\/wp-json\/wp\/v2\/pages\/24780\/revisions\/40505"}],"up":[{"embeddable":true,"href":"https:\/\/www.sweco.dk\/en\/wp-json\/wp\/v2\/pages\/24676"}],"wp:attachment":[{"href":"https:\/\/www.sweco.dk\/en\/wp-json\/wp\/v2\/media?parent=24780"}],"curies":[{"name":"wp","href":"https:\/\/api.w.org\/{rel}","templated":true}]}}