{"id":24733,"date":"2021-12-15T10:45:11","date_gmt":"2021-12-15T10:45:11","guid":{"rendered":"https:\/\/www.sweco.dk\/sustainability\/sustainable-infrastructure\/"},"modified":"2023-08-15T12:37:57","modified_gmt":"2023-08-15T12:37:57","slug":"infrastructure","status":"publish","type":"page","link":"https:\/\/www.sweco.dk\/en\/sustainability\/infrastructure\/","title":{"rendered":"Infrastructure"},"content":{"rendered":"<section class=\"block block--white columns\" >\n\t<div class=\"block__inner columns__inner\">\n\t\t<div class=\"col--11 col--wrapper col--stretch\">\n\t\t\t\n\t\t\t\t\t\t\t<div class=\"columns__col col col--12\">\n\t\t\t\t\t<div class=\"editor-content columns__content columns__content--image\">\n\t\t\t\t\t\t<img loading=\"lazy\" decoding=\"async\" width=\"1680\" height=\"700\" src=\"https:\/\/www.sweco.dk\/wp-content\/uploads\/sites\/4\/2021\/03\/frederikshavn_havn1.jpg\" class=\"attachment-full size-full\" alt=\"Frederikshavn Havn oppefra med vindm\u00f8ller\" srcset=\"https:\/\/www.sweco.dk\/wp-content\/uploads\/sites\/4\/2021\/03\/frederikshavn_havn1.jpg 1680w, https:\/\/www.sweco.dk\/wp-content\/uploads\/sites\/4\/2021\/03\/frederikshavn_havn1-300x125.jpg 300w, https:\/\/www.sweco.dk\/wp-content\/uploads\/sites\/4\/2021\/03\/frederikshavn_havn1-1024x427.jpg 1024w, https:\/\/www.sweco.dk\/wp-content\/uploads\/sites\/4\/2021\/03\/frederikshavn_havn1-768x320.jpg 768w, https:\/\/www.sweco.dk\/wp-content\/uploads\/sites\/4\/2021\/03\/frederikshavn_havn1-1536x640.jpg 1536w, https:\/\/www.sweco.dk\/wp-content\/uploads\/sites\/4\/2021\/03\/frederikshavn_havn1-520x217.jpg 520w, https:\/\/www.sweco.dk\/wp-content\/uploads\/sites\/4\/2021\/03\/frederikshavn_havn1-800x333.jpg 800w, https:\/\/www.sweco.dk\/wp-content\/uploads\/sites\/4\/2021\/03\/frederikshavn_havn1-720x300.jpg 720w\" sizes=\"auto, (max-width: 1680px) 100vw, 1680px\" \/>\t\t\t\t\t<\/div>\n\t\t\t\t<\/div>\n\t\t\t\n\t\t<\/div>\n\t<\/div>\n<\/section>\n\n\n<section class=\"block architects-intro block--white\" >\n\t<div class=\"block__inner architects-intro__inner\">\n\t\t<div class=\"col--11 col--start col--wrapper editor-content\">\n\t\t\t\t\t\t\t<div class=\"col col--5\">\n                    <p class=\"architect-special hyphenate\">Sustainability<\/p>\n\t\t\t\t\t<h1 class=\"h1 hyphenate\">Infrastructure<\/h1>\t\t\t\t<\/div>\n\t\t\t\n\t\t\t\t\t\t\t<div class=\"col col--4 push--1\">\n\t\t\t\t\t\t\t\t\t\t<p><p>As Europe&#8217;s leading adviser, we want to take responsibility for builders and contractors getting help to realize infrastructure projects with the least possible inconvenience to the climate and environment &#8211; with respect for the time and budget framework.<\/p>\n<p>With our extensive experience, interdisciplinary knowledge, digital approach and international network of experts, Sweco is a creative and progressive partner for clients and contractors who are keen to optimise the time, economy and carbon emissions of their projects.<\/p>\n<\/p>\n\t\t\t\t\t\t\t\t\t<\/div>\n\t\t\t\n            \t\t<\/div>\n\t<\/div>\n<\/section>\n\n\n<section class=\"block block--white architect-columns\" >\n\n\t<div class=\"block__inner architect-columns__inner\">\n\t\t<div class=\"col--11 col--stretch col--wrapper architect-columns__grid\">\n\t\t\t\n\t\t\t\t<div class=\"col col--top col--4\">\n\t\t\t\t\t\t\t\t\t\t<div class=\"col__inner\" data-clickable=\"true\">\n\t\t\t\t\t\t<div class=\"col__meta\">\n\t\t\t\t\t\t\t\t\t\t\t\t\t\t\t\t\t\t\t\t\t<em class=\"title\">Frederikshavn Harbour<\/em><span class=\"sep\"><\/span>\n\t\t\t\t\t\t\t\t\t\t\t\t\t\t\t\t\t\t\t\t\t<em class=\"name\">Frederikshavn<\/em>\n\t\t\t\t\t\t\t\t\t\t\t\t\t<\/div>\n\n\t\t\t\t\t\t<img loading=\"lazy\" decoding=\"async\" width=\"520\" height=\"340\" src=\"https:\/\/www.sweco.dk\/wp-content\/uploads\/sites\/4\/2021\/02\/frederikshavnhavn_3-520x340.jpg\" class=\"attachment-architect-col--small size-architect-col--small\" alt=\"Frederikshavn Havn oppefra\" srcset=\"https:\/\/www.sweco.dk\/wp-content\/uploads\/sites\/4\/2021\/02\/frederikshavnhavn_3-520x340.jpg 520w, https:\/\/www.sweco.dk\/wp-content\/uploads\/sites\/4\/2021\/02\/frederikshavnhavn_3-300x196.jpg 300w, https:\/\/www.sweco.dk\/wp-content\/uploads\/sites\/4\/2021\/02\/frederikshavnhavn_3-1024x670.jpg 1024w, https:\/\/www.sweco.dk\/wp-content\/uploads\/sites\/4\/2021\/02\/frederikshavnhavn_3-768x503.jpg 768w, https:\/\/www.sweco.dk\/wp-content\/uploads\/sites\/4\/2021\/02\/frederikshavnhavn_3-1536x1006.jpg 1536w, https:\/\/www.sweco.dk\/wp-content\/uploads\/sites\/4\/2021\/02\/frederikshavnhavn_3-800x524.jpg 800w, https:\/\/www.sweco.dk\/wp-content\/uploads\/sites\/4\/2021\/02\/frederikshavnhavn_3.jpg 1680w\" sizes=\"auto, (max-width: 520px) 100vw, 520px\" \/>\n\t\t\t\t\t\t\n\t\t\t\t\t\t<a href=\"https:\/\/www.sweco.dk\/en\/showroom\/frederikshavn-harbour\/\" class=\"btn btn__arrow\"><i class=\"icon icon-arrow-right\"><\/i><\/a>\n\t\t\t\t\t<\/div>\n\t\t\t\t<\/div>\n\n\t\t\t\n\t\t\t\t<div class=\"col col--top col--4\">\n\t\t\t\t\t\t\t\t\t\t<div class=\"col__inner\" data-clickable=\"true\">\n\t\t\t\t\t\t<div class=\"col__meta\">\n\t\t\t\t\t\t\t\t\t\t\t\t\t\t\t\t\t\t\t\t\t<em class=\"title\">Randselva Bridge<\/em><span class=\"sep\"><\/span>\n\t\t\t\t\t\t\t\t\t\t\t\t\t\t\t\t\t\t\t\t\t<em class=\"name\">Norway<\/em>\n\t\t\t\t\t\t\t\t\t\t\t\t\t<\/div>\n\n\t\t\t\t\t\t<img loading=\"lazy\" decoding=\"async\" width=\"520\" height=\"340\" src=\"https:\/\/www.sweco.dk\/wp-content\/uploads\/sites\/4\/2021\/02\/randsalva1-520x340.jpg\" class=\"attachment-architect-col--small size-architect-col--small\" alt=\"Randselva Bro med lastbil\" srcset=\"https:\/\/www.sweco.dk\/wp-content\/uploads\/sites\/4\/2021\/02\/randsalva1-520x340.jpg 520w, https:\/\/www.sweco.dk\/wp-content\/uploads\/sites\/4\/2021\/02\/randsalva1-300x196.jpg 300w, https:\/\/www.sweco.dk\/wp-content\/uploads\/sites\/4\/2021\/02\/randsalva1-1024x670.jpg 1024w, https:\/\/www.sweco.dk\/wp-content\/uploads\/sites\/4\/2021\/02\/randsalva1-768x503.jpg 768w, https:\/\/www.sweco.dk\/wp-content\/uploads\/sites\/4\/2021\/02\/randsalva1-1536x1006.jpg 1536w, https:\/\/www.sweco.dk\/wp-content\/uploads\/sites\/4\/2021\/02\/randsalva1-800x524.jpg 800w, https:\/\/www.sweco.dk\/wp-content\/uploads\/sites\/4\/2021\/02\/randsalva1.jpg 1680w\" sizes=\"auto, (max-width: 520px) 100vw, 520px\" \/>\n\t\t\t\t\t\t\n\t\t\t\t\t\t<a href=\"https:\/\/www.sweco.dk\/en\/showroom\/randselva-bridge\/\" class=\"btn btn__arrow\"><i class=\"icon icon-arrow-right\"><\/i><\/a>\n\t\t\t\t\t<\/div>\n\t\t\t\t<\/div>\n\n\t\t\t\n\t\t\t\t<div class=\"col col--top col--4\">\n\t\t\t\t\t\t\t\t\t\t<div class=\"col__inner\" data-clickable=\"true\">\n\t\t\t\t\t\t<div class=\"col__meta\">\n\t\t\t\t\t\t\t\t\t\t\t\t\t\t\t\t\t\t\t\t\t<em class=\"title\">Kalundborg Motorway \u2013 south of Regstrup<\/em><span class=\"sep\"><\/span>\n\t\t\t\t\t\t\t\t\t\t\t\t\t\t\t\t\t\t\t\t\t<em class=\"name\">Regstrup<\/em>\n\t\t\t\t\t\t\t\t\t\t\t\t\t<\/div>\n\n\t\t\t\t\t\t<img loading=\"lazy\" decoding=\"async\" width=\"520\" height=\"340\" src=\"https:\/\/www.sweco.dk\/wp-content\/uploads\/sites\/4\/2021\/02\/kalundborgmotorvej-520x340.jpg\" class=\"attachment-architect-col--small size-architect-col--small\" alt=\"Kalundborgmotorvejen afk\u00f8rsel 2\" srcset=\"https:\/\/www.sweco.dk\/wp-content\/uploads\/sites\/4\/2021\/02\/kalundborgmotorvej-520x340.jpg 520w, https:\/\/www.sweco.dk\/wp-content\/uploads\/sites\/4\/2021\/02\/kalundborgmotorvej-300x196.jpg 300w, https:\/\/www.sweco.dk\/wp-content\/uploads\/sites\/4\/2021\/02\/kalundborgmotorvej-1024x670.jpg 1024w, https:\/\/www.sweco.dk\/wp-content\/uploads\/sites\/4\/2021\/02\/kalundborgmotorvej-768x503.jpg 768w, https:\/\/www.sweco.dk\/wp-content\/uploads\/sites\/4\/2021\/02\/kalundborgmotorvej-1536x1006.jpg 1536w, https:\/\/www.sweco.dk\/wp-content\/uploads\/sites\/4\/2021\/02\/kalundborgmotorvej-800x524.jpg 800w, https:\/\/www.sweco.dk\/wp-content\/uploads\/sites\/4\/2021\/02\/kalundborgmotorvej.jpg 1680w\" sizes=\"auto, (max-width: 520px) 100vw, 520px\" \/>\n\t\t\t\t\t\t\n\t\t\t\t\t\t<a href=\"https:\/\/www.sweco.dk\/en\/showroom\/kalundborg-motorway-south-of-regstrup\/\" class=\"btn btn__arrow\"><i class=\"icon icon-arrow-right\"><\/i><\/a>\n\t\t\t\t\t<\/div>\n\t\t\t\t<\/div>\n\n\t\t\t\t<\/div>\n<\/section>\n\n\n<section class=\"block cb block--white\" >\n\t<div class=\"block__inner cb__inner cb__inner--one\">\n\t<div class=\"col--12 col--center col--wrapper\">\n\t\t<div class=\"col col--6 editor-content\">\n\t\t\t<h2 class=\"h5\">Optimum infrastructure projects<\/h2>\n<p>We have established that the optimum infrastructure project is characterised by the consultants, clients and contractors making informed choices early in the design and planning phase. Therefore, we are implementing a close and involving process which establishes the best possible solution space for the project\u2019s time, economy and carbon footprint<sub>.<\/sub> In the early stages of the project, we look at the choice of method and the project\u2019s buildability, at how we can optimise quantities and materials, and whether we can recycle existing resources.<\/p>\n<h3 class=\"h5\">Evaluation tool for sustainable infrastructure<\/h3>\n<p>Using our evaluation tool for sustainable infrastructure, it is possible to compare typical solutions from projects according to selected sustainability parameters, and thereby make choices in the project on an informed basis. We also work with digital planning tools such as BIM Vision, LCA and LCC, PAS2080 \u2013 Carbon Management and Geokalkyl.<\/p>\n<p>During the design phase, we use BIM, 3D models and parametric modelling, and we develop drawing-free projects that minimise errors, save time and ensure correct and timely material procurement.<\/p>\n<p>We draw on an international network of colleagues and experts, and our ambition is to be recognised as the consulting firm in Denmark that best creates value for clients and contractors by optimising time, economy and carbon footprint in an infrastructure project.<\/p>\n\t\t<\/div>\n\t<\/div>\n<\/div>\n<\/section>\n\n\n    <section class=\"block block--white contacts\" >\n        <div class=\"block__inner contacts__inner\">\n            <div class=\"col--11 col--wrapper col--stretch\">\n\t\t\t\t\t\t\t\t                    <div class=\"col col--6 person person--card--img\">\n                        <div class=\"person__inner\">\n\t\t\t\t\t\t\t<img loading=\"lazy\" decoding=\"async\" width=\"310\" height=\"420\" src=\"https:\/\/www.sweco.dk\/wp-content\/uploads\/sites\/4\/2021\/02\/MichaelJepsen_32354_310x420px-310x420.jpg\" class=\"attachment-people-card size-people-card wp-post-image\" alt=\"Michael Jepsen\" srcset=\"https:\/\/www.sweco.dk\/wp-content\/uploads\/sites\/4\/2021\/02\/MichaelJepsen_32354_310x420px.jpg 310w, https:\/\/www.sweco.dk\/wp-content\/uploads\/sites\/4\/2021\/02\/MichaelJepsen_32354_310x420px-221x300.jpg 221w\" sizes=\"auto, (max-width: 310px) 100vw, 310px\" \/>                            <div class=\"person__content editor-content\">\n                                <p class=\"h4 hyphenate\">Michael Jepsen<\/p>                                <em>Project Director \/ Infrastructure, Water &amp; Environment<\/em>\n\t\t\t\t\t\t\t\t\t\t\t\t\t\t\t\t\t<div class=\"person__contact\">\n\t\t\t\t\t\t\t\t\t\t\t\t\t\t\t\t\t\t\t\t\t<button class=\"btn btn__small btn__secondary contact-info-btn\" data_contact-id=\"25684\" data-email-subject=\"\">Show contact information<\/button>\n\t\t\t\t\t\t\t\t\t\t\t\t\t\t\t\t\t\t\t<\/div>\n\t\t\t\t\t\t\t\t                            <\/div>\n                        <\/div>\n                    <\/div>\n\t\t\t\t            <\/div>\n        <\/div>\n    <\/section>\n\n\n    <section class=\"block block--white related-content\" >\n        <div class=\"block__inner related-content__inner\">\n            <div class=\"col--11 col--wrapper col--start col--stretch col--bottom \">\n                                    <div class=\"col col--12 editor-content related-content__title\">\n                        <h4 class=\"h3 hyphenate\">Related services<\/h4>                    <\/div>\n                \n                                    <div class=\"col col--4 item item--img\">\n\n                                                    <a href=\"https:\/\/www.sweco.dk\/en\/sustainability\/certifications\/\" title=\"Certifications\" >\n                                <div class=\"item__title\">\n                                    <p class=\"h4 hyphenate\">Certifications<\/p>                                    <p class=\"item__title--info\">\n                                                                                                                                                            <\/p>\n                                <\/div>\n                                <figure class=\"item__image\">\n                                    <img loading=\"lazy\" decoding=\"async\" width=\"520\" height=\"296\" src=\"https:\/\/www.sweco.dk\/wp-content\/uploads\/sites\/4\/2021\/02\/greensquare_garden5-520x296.jpg\" class=\"attachment-insights-featured size-insights-featured\" alt=\"Greensquare Garden g\u00e5rdrum\" \/>                                <\/figure>\n                            <\/a>\n                        \n                                            <\/div>\n                                    <div class=\"col col--4 item\">\n\n                        \n                                                    <div class=\"item__content editor-content\" data-clickable=\"true\">\n                                                                <div class=\"item__content--wrapper\">\n                                    <h5 class=\"h5 hyphenate\"><a href='https:\/\/www.sweco.dk\/en\/sustainability\/wood-construction\/' class='' title='Wood construction'>Wood construction<\/a><\/h5>                                    <button class=\"btn btn__arrow\" aria-label=\"Wood construction\">\n                                        <i class=\"icon icon-arrow-right\"><\/i>\n                                    <\/button>\n                                <\/div>\n                            <\/div>\n                                            <\/div>\n                                    <div class=\"col col--4 item item--img\">\n\n                                                    <a href=\"https:\/\/www.sweco.dk\/en\/sustainability\/uns-17-global-goals\/\" title=\"UN\u2019s 17 Global Goals\" >\n                                <div class=\"item__title\">\n                                    <p class=\"h4 hyphenate\">UN\u2019s 17 Global Goals<\/p>                                    <p class=\"item__title--info\">\n                                                                                                                                                            <\/p>\n                                <\/div>\n                                <figure class=\"item__image\">\n                                    <img loading=\"lazy\" decoding=\"async\" width=\"520\" height=\"296\" src=\"https:\/\/www.sweco.dk\/wp-content\/uploads\/sites\/4\/2021\/02\/verdensmaal_cluster2-520x296.jpg\" class=\"attachment-insights-featured size-insights-featured\" alt=\"Verdensm\u00e5l p\u00e5 v\u00e6g\" \/>                                <\/figure>\n                            <\/a>\n                        \n                                            <\/div>\n                                    <div class=\"col col--4 item item--img\">\n\n                                                    <a href=\"https:\/\/www.sweco.dk\/en\/sustainability\/architecture\/\" title=\"Architecture\" >\n                                <div class=\"item__title\">\n                                    <p class=\"h4 hyphenate\">Architecture<\/p>                                    <p class=\"item__title--info\">\n                                                                                                                                                            <\/p>\n                                <\/div>\n                                <figure class=\"item__image\">\n                                    <img loading=\"lazy\" decoding=\"async\" width=\"520\" height=\"296\" src=\"https:\/\/www.sweco.dk\/wp-content\/uploads\/sites\/4\/2021\/02\/UN17_village-1-520x296.jpg\" class=\"attachment-insights-featured size-insights-featured\" alt=\"UN17 Village f\u00e6llesareal\" \/>                                <\/figure>\n                            <\/a>\n                        \n                                            <\/div>\n                \n                            <\/div>\n        <\/div>\n    <\/section>\n","protected":false},"excerpt":{"rendered":"","protected":false},"author":247,"featured_media":11031,"parent":24676,"menu_order":3,"comment_status":"closed","ping_status":"closed","template":"","meta":{"_acf_changed":false,"_seopress_robots_primary_cat":"","_seopress_titles_title":"Infrastructure - Sustainability","_seopress_titles_desc":"Sweco want to take responsibility for helping clients and contractors realise infrastructure projects as sustainably as possible.","_seopress_robots_index":"","footnotes":""},"class_list":["post-24733","page","type-page","status-publish","has-post-thumbnail","hentry"],"acf":[],"_links":{"self":[{"href":"https:\/\/www.sweco.dk\/en\/wp-json\/wp\/v2\/pages\/24733","targetHints":{"allow":["GET"]}}],"collection":[{"href":"https:\/\/www.sweco.dk\/en\/wp-json\/wp\/v2\/pages"}],"about":[{"href":"https:\/\/www.sweco.dk\/en\/wp-json\/wp\/v2\/types\/page"}],"author":[{"embeddable":true,"href":"https:\/\/www.sweco.dk\/en\/wp-json\/wp\/v2\/users\/247"}],"replies":[{"embeddable":true,"href":"https:\/\/www.sweco.dk\/en\/wp-json\/wp\/v2\/comments?post=24733"}],"version-history":[{"count":15,"href":"https:\/\/www.sweco.dk\/en\/wp-json\/wp\/v2\/pages\/24733\/revisions"}],"predecessor-version":[{"id":42705,"href":"https:\/\/www.sweco.dk\/en\/wp-json\/wp\/v2\/pages\/24733\/revisions\/42705"}],"up":[{"embeddable":true,"href":"https:\/\/www.sweco.dk\/en\/wp-json\/wp\/v2\/pages\/24676"}],"wp:featuredmedia":[{"embeddable":true,"href":"https:\/\/www.sweco.dk\/en\/wp-json\/wp\/v2\/media\/11031"}],"wp:attachment":[{"href":"https:\/\/www.sweco.dk\/en\/wp-json\/wp\/v2\/media?parent=24733"}],"curies":[{"name":"wp","href":"https:\/\/api.w.org\/{rel}","templated":true}]}}