{"id":24718,"date":"2021-12-15T10:33:38","date_gmt":"2021-12-15T10:33:38","guid":{"rendered":"https:\/\/www.sweco.dk\/sustainability\/certifications\/"},"modified":"2026-01-21T10:15:44","modified_gmt":"2026-01-21T10:15:44","slug":"certifications","status":"publish","type":"page","link":"https:\/\/www.sweco.dk\/en\/sustainability\/certifications\/","title":{"rendered":"Certifications"},"content":{"rendered":"<section class=\"block architects-intro block--white\" >\n\t<div class=\"block__inner architects-intro__inner\">\n\t\t<div class=\"col--11 col--start col--wrapper editor-content\">\n\t\t\t\t\t\t\t<div class=\"col col--5\">\n                    <p class=\"architect-special hyphenate\">Sustainability<\/p>\n\t\t\t\t\t<h1 class=\"h1 hyphenate\">Certifications<\/h1>\t\t\t\t<\/div>\n\t\t\t\n\t\t\t\t\t\t\t<div class=\"col col--4 push--1\">\n\t\t\t\t\t\t\t\t\t\t<p><p>Sustainability certifications of urban areas and buildings are an important contribution to the sustainable development of our cities and society as a whole. Certifications are valuable in that they make the sustainable qualities of a construction project measurable and documentable.<\/p>\n<p>These are well-proven systems and methods that identify the sustainable potential of a construction project, and the certifications provide the framework for a constructive dialogue with the client. The various certification schemes set requirements for a project\u2019s social, environmental, economic, technical and process qualities \u2013 often in a way that increases the economic value of a building or area.<\/p>\n<\/p>\n\t\t\t\t\t\t\t\t\t<\/div>\n\t\t\t\n            \t\t<\/div>\n\t<\/div>\n<\/section>\n\n\n<section class=\"block block--white architect-columns\" >\n\n\t<div class=\"block__inner architect-columns__inner\">\n\t\t<div class=\"col--11 col--stretch col--wrapper architect-columns__grid\">\n\t\t\t\n\t\t\t\t<div class=\"col col--top col--4\">\n\t\t\t\t\t\t\t\t\t\t<div class=\"col__inner\" data-clickable=\"false\">\n\t\t\t\t\t\t<div class=\"col__meta\">\n\t\t\t\t\t\t\t\t\t\t\t\t\t\t\t\t\t\t\t\t\t<em class=\"title\">Kunstnerkarr\u00e9en<\/em><span class=\"sep\"><\/span>\n\t\t\t\t\t\t\t\t\t\t\t\t\t\t\t\t\t\t\t\t\t<em class=\"name\">Copenhagen<\/em>\n\t\t\t\t\t\t\t\t\t\t\t\t\t<\/div>\n\n\t\t\t\t\t\t<img loading=\"lazy\" decoding=\"async\" width=\"520\" height=\"340\" src=\"https:\/\/www.sweco.dk\/wp-content\/uploads\/sites\/4\/2021\/02\/Kunstnerkarre5-520x340.jpg\" class=\"attachment-architect-col--small size-architect-col--small\" alt=\"Kunstnerkarreen facade 2\" srcset=\"https:\/\/www.sweco.dk\/wp-content\/uploads\/sites\/4\/2021\/02\/Kunstnerkarre5-520x340.jpg 520w, https:\/\/www.sweco.dk\/wp-content\/uploads\/sites\/4\/2021\/02\/Kunstnerkarre5-300x196.jpg 300w, https:\/\/www.sweco.dk\/wp-content\/uploads\/sites\/4\/2021\/02\/Kunstnerkarre5-1024x670.jpg 1024w, https:\/\/www.sweco.dk\/wp-content\/uploads\/sites\/4\/2021\/02\/Kunstnerkarre5-768x503.jpg 768w, https:\/\/www.sweco.dk\/wp-content\/uploads\/sites\/4\/2021\/02\/Kunstnerkarre5-1536x1006.jpg 1536w, https:\/\/www.sweco.dk\/wp-content\/uploads\/sites\/4\/2021\/02\/Kunstnerkarre5-800x524.jpg 800w, https:\/\/www.sweco.dk\/wp-content\/uploads\/sites\/4\/2021\/02\/Kunstnerkarre5.jpg 1680w\" sizes=\"auto, (max-width: 520px) 100vw, 520px\" \/>\n\t\t\t\t\t\t\n\t\t\t\t\t\t\n\t\t\t\t\t<\/div>\n\t\t\t\t<\/div>\n\n\t\t\t\n\t\t\t\t<div class=\"col col--top col--4\">\n\t\t\t\t\t\t\t\t\t\t<div class=\"col__inner\" data-clickable=\"false\">\n\t\t\t\t\t\t<div class=\"col__meta\">\n\t\t\t\t\t\t\t\t\t\t\t\t\t\t\t\t\t\t\t\t\t<em class=\"title\">Marina Park<\/em><span class=\"sep\"><\/span>\n\t\t\t\t\t\t\t\t\t\t\t\t\t\t\t\t\t\t\t\t\t<em class=\"name\">Copenhagen<\/em>\n\t\t\t\t\t\t\t\t\t\t\t\t\t<\/div>\n\n\t\t\t\t\t\t<img loading=\"lazy\" decoding=\"async\" width=\"520\" height=\"340\" src=\"https:\/\/www.sweco.dk\/wp-content\/uploads\/sites\/4\/2021\/02\/marinapark_1-520x340.jpg\" class=\"attachment-architect-col--small size-architect-col--small\" alt=\"Marina Park m\u00f8delokale\" srcset=\"https:\/\/www.sweco.dk\/wp-content\/uploads\/sites\/4\/2021\/02\/marinapark_1-520x340.jpg 520w, https:\/\/www.sweco.dk\/wp-content\/uploads\/sites\/4\/2021\/02\/marinapark_1-300x196.jpg 300w, https:\/\/www.sweco.dk\/wp-content\/uploads\/sites\/4\/2021\/02\/marinapark_1-1024x670.jpg 1024w, https:\/\/www.sweco.dk\/wp-content\/uploads\/sites\/4\/2021\/02\/marinapark_1-768x503.jpg 768w, https:\/\/www.sweco.dk\/wp-content\/uploads\/sites\/4\/2021\/02\/marinapark_1-1536x1006.jpg 1536w, https:\/\/www.sweco.dk\/wp-content\/uploads\/sites\/4\/2021\/02\/marinapark_1-800x524.jpg 800w, https:\/\/www.sweco.dk\/wp-content\/uploads\/sites\/4\/2021\/02\/marinapark_1.jpg 1680w\" sizes=\"auto, (max-width: 520px) 100vw, 520px\" \/>\n\t\t\t\t\t\t\n\t\t\t\t\t\t\n\t\t\t\t\t<\/div>\n\t\t\t\t<\/div>\n\n\t\t\t\n\t\t\t\t<div class=\"col col--top col--4\">\n\t\t\t\t\t\t\t\t\t\t<div class=\"col__inner\" data-clickable=\"false\">\n\t\t\t\t\t\t<div class=\"col__meta\">\n\t\t\t\t\t\t\t\t\t\t\t\t\t\t\t\t\t\t\t\t\t<em class=\"title\">Greensquare Garden<\/em><span class=\"sep\"><\/span>\n\t\t\t\t\t\t\t\t\t\t\t\t\t\t\t\t\t\t\t\t\t<em class=\"name\">Copenhagen<\/em>\n\t\t\t\t\t\t\t\t\t\t\t\t\t<\/div>\n\n\t\t\t\t\t\t<img loading=\"lazy\" decoding=\"async\" width=\"520\" height=\"340\" src=\"https:\/\/www.sweco.dk\/wp-content\/uploads\/sites\/4\/2021\/03\/greensquare_garden2-520x340.jpg\" class=\"attachment-architect-col--small size-architect-col--small\" alt=\"Greensquare Garden facader\" srcset=\"https:\/\/www.sweco.dk\/wp-content\/uploads\/sites\/4\/2021\/03\/greensquare_garden2-520x340.jpg 520w, https:\/\/www.sweco.dk\/wp-content\/uploads\/sites\/4\/2021\/03\/greensquare_garden2-300x196.jpg 300w, https:\/\/www.sweco.dk\/wp-content\/uploads\/sites\/4\/2021\/03\/greensquare_garden2-1024x670.jpg 1024w, https:\/\/www.sweco.dk\/wp-content\/uploads\/sites\/4\/2021\/03\/greensquare_garden2-768x503.jpg 768w, https:\/\/www.sweco.dk\/wp-content\/uploads\/sites\/4\/2021\/03\/greensquare_garden2-1536x1006.jpg 1536w, https:\/\/www.sweco.dk\/wp-content\/uploads\/sites\/4\/2021\/03\/greensquare_garden2-800x524.jpg 800w, https:\/\/www.sweco.dk\/wp-content\/uploads\/sites\/4\/2021\/03\/greensquare_garden2-458x300.jpg 458w, https:\/\/www.sweco.dk\/wp-content\/uploads\/sites\/4\/2021\/03\/greensquare_garden2.jpg 1680w\" sizes=\"auto, (max-width: 520px) 100vw, 520px\" \/>\n\t\t\t\t\t\t\n\t\t\t\t\t\t\n\t\t\t\t\t<\/div>\n\t\t\t\t<\/div>\n\n\t\t\t\t<\/div>\n<\/section>\n\n\n<section class=\"block cb block--white\" >\n\t<div class=\"block__inner cb__inner cb__inner--one\">\n\t<div class=\"col--12 col--center col--wrapper\">\n\t\t<div class=\"col col--6 editor-content\">\n\t\t\t<h2>Our experts and auditors hold a wide range of professional certifications<\/h2>\n<p>Sweco is the leading consultancy firm within DGNB certifications in Denmark. In terms of urban areas and buildings, our consultants have completed more DGNB certifications than any other firm in Denmark. We also help our clients certify projects in accordance with the Nordic Swan Ecolabel, LEED, BREEAM and \u2018Den Frivillige B\u00e6redygtighedsklasse\u2019 \u2013 the voluntary sustainability class.<\/p>\n<p>Our certification experts and auditors have many certifications under their belts. They know what is required, and they understand the potential which certifications hold \u2013 socially, environmentally, technically, procedurally and economically.<\/p>\n<p>As a market leader, our ambition is to leverage our knowledge and experience to educate and develop the market so we are the obvious choice for sustainability certifications \u2013 now and in future.<\/p>\n<p>Our solid experience with certifications gears us professionally for working with the EU\u2019s taxonomy for green investments in renovations and new developments.<\/p>\n\t\t<\/div>\n\t<\/div>\n<\/div>\n<\/section>\n\n\n    <section class=\"block block--white contacts\" >\n        <div class=\"block__inner contacts__inner\">\n            <div class=\"col--11 col--wrapper col--stretch\">\n\t\t\t\t                    <div class=\"col col--12 editor-content contacts__title\">\n\t\t\t\t\t\t<h2>For certification of urban areas and new construction<\/h2>\n                    <\/div>\n\t\t\t\t\t\t\t\t                    <div class=\"col col--6 person person--card--img\">\n                        <div class=\"person__inner\">\n\t\t\t\t\t\t\t<img loading=\"lazy\" decoding=\"async\" width=\"310\" height=\"420\" src=\"https:\/\/www.sweco.dk\/wp-content\/uploads\/sites\/4\/2021\/02\/HenrietteFalkOlesen-310x420.jpg\" class=\"attachment-people-card size-people-card wp-post-image\" alt=\"Henriette Falk Olesen\" srcset=\"https:\/\/www.sweco.dk\/wp-content\/uploads\/sites\/4\/2021\/02\/HenrietteFalkOlesen.jpg 310w, https:\/\/www.sweco.dk\/wp-content\/uploads\/sites\/4\/2021\/02\/HenrietteFalkOlesen-221x300.jpg 221w\" sizes=\"auto, (max-width: 310px) 100vw, 310px\" \/>                            <div class=\"person__content editor-content\">\n                                <p class=\"h4 hyphenate\">Henriette Falk Olesen<\/p>                                <em>Head of Sustainability \/ DGNB Auditor<\/em>\n\t\t\t\t\t\t\t\t<div class=\"person__contact\"><p><a href=\"mailto:hen&#114;i&#101;&#116;te&#102;&#97;lk&#46;o&#108;&#101;sen&#64;&#115;w&#101;&#99;o.d&#107;\" class=\"person__link\"><i class=\"icon icon-envelope\"><\/i><span>hen&#114;i&#101;&#116;te&#102;&#97;lk&#46;o&#108;&#101;sen&#64;&#115;w&#101;&#99;o.d&#107;<\/span><\/a><\/p><p><a href=\"tel:+45 5372 1218\" class=\"person__link\"><i class=\"icon icon-phone\"><\/i><span>+45 5372 1218<\/span><\/a><\/p><\/div>                            <\/div>\n                        <\/div>\n                    <\/div>\n\t\t\t\t                    <div class=\"col col--6 person person--card--img\">\n                        <div class=\"person__inner\">\n\t\t\t\t\t\t\t<img loading=\"lazy\" decoding=\"async\" width=\"310\" height=\"420\" src=\"https:\/\/www.sweco.dk\/wp-content\/uploads\/sites\/4\/2021\/01\/SigneSkovmandJakobsen_32071_310x420px-310x420.jpg\" class=\"attachment-people-card size-people-card wp-post-image\" alt=\"Sigen Skovmand\" srcset=\"https:\/\/www.sweco.dk\/wp-content\/uploads\/sites\/4\/2021\/01\/SigneSkovmandJakobsen_32071_310x420px.jpg 310w, https:\/\/www.sweco.dk\/wp-content\/uploads\/sites\/4\/2021\/01\/SigneSkovmandJakobsen_32071_310x420px-221x300.jpg 221w\" sizes=\"auto, (max-width: 310px) 100vw, 310px\" \/>                            <div class=\"person__content editor-content\">\n                                <p class=\"h4 hyphenate\">Signe Skovmand Jakobsen<\/p>                                <em>Functional Manager \/ Sustainability in Buildings \/ DGNB Auditor<\/em>\n\t\t\t\t\t\t\t\t<div class=\"person__contact\"><p><a href=\"mailto:&#115;igne&#115;&#107;&#111;vm&#97;&#110;d&#46;&#106;a&#107;&#111;&#98;&#115;&#101;n&#64;&#115;w&#101;&#99;&#111;.d&#107;\" class=\"person__link\"><i class=\"icon icon-envelope\"><\/i><span>&#115;igne&#115;&#107;&#111;vm&#97;&#110;d&#46;&#106;a&#107;&#111;&#98;&#115;&#101;n&#64;&#115;w&#101;&#99;&#111;.d&#107;<\/span><\/a><\/p><p><a href=\"tel:+45 5372 1046\" class=\"person__link\"><i class=\"icon icon-phone\"><\/i><span>+45 5372 1046<\/span><\/a><\/p><\/div>                            <\/div>\n                        <\/div>\n                    <\/div>\n\t\t\t\t                    <div class=\"col col--6 person person--card--img\">\n                        <div class=\"person__inner\">\n\t\t\t\t\t\t\t<img loading=\"lazy\" decoding=\"async\" width=\"310\" height=\"401\" src=\"https:\/\/www.sweco.dk\/wp-content\/uploads\/sites\/4\/2025\/04\/Nanna-Gudmandsen-DKNAGU-310x420px.jpg\" class=\"attachment-people-card size-people-card wp-post-image\" alt=\"\" srcset=\"https:\/\/www.sweco.dk\/wp-content\/uploads\/sites\/4\/2025\/04\/Nanna-Gudmandsen-DKNAGU-310x420px.jpg 310w, https:\/\/www.sweco.dk\/wp-content\/uploads\/sites\/4\/2025\/04\/Nanna-Gudmandsen-DKNAGU-310x420px-232x300.jpg 232w\" sizes=\"auto, (max-width: 310px) 100vw, 310px\" \/>                            <div class=\"person__content editor-content\">\n                                <p class=\"h4 hyphenate\">Nanna Gudmandsen<\/p>                                <em>Head of Sustainable Construction<\/em>\n\t\t\t\t\t\t\t\t<div class=\"person__contact\"><p><a href=\"mailto:&#110;&#97;nn&#97;.&#103;&#117;d&#109;&#97;&#110;d&#115;&#101;&#110;&#64;&#115;&#119;e&#99;&#111;.&#100;&#107;\" class=\"person__link\"><i class=\"icon icon-envelope\"><\/i><span>&#110;&#97;nn&#97;.&#103;&#117;d&#109;&#97;&#110;d&#115;&#101;&#110;&#64;&#115;&#119;e&#99;&#111;.&#100;&#107;<\/span><\/a><\/p><p><a href=\"tel:+45 4282 1288\" class=\"person__link\"><i class=\"icon icon-phone\"><\/i><span>+45 4282 1288<\/span><\/a><\/p><\/div>                            <\/div>\n                        <\/div>\n                    <\/div>\n\t\t\t\t            <\/div>\n        <\/div>\n    <\/section>\n\n\n    <section class=\"block block--white contacts\" >\n        <div class=\"block__inner contacts__inner\">\n            <div class=\"col--11 col--wrapper col--stretch\">\n\t\t\t\t                    <div class=\"col col--12 editor-content contacts__title\">\n\t\t\t\t\t\t<h2>For certification of urban areas<\/h2>\n                    <\/div>\n\t\t\t\t\t\t\t\t                    <div class=\"col col--6 person person--card--img\">\n                        <div class=\"person__inner\">\n\t\t\t\t\t\t\t<img loading=\"lazy\" decoding=\"async\" width=\"310\" height=\"420\" src=\"https:\/\/www.sweco.dk\/wp-content\/uploads\/sites\/4\/2021\/01\/CamillaHvid_32165_310x420px-310x420.jpg\" class=\"attachment-people-card size-people-card wp-post-image\" alt=\"Camilla Hvid\" srcset=\"https:\/\/www.sweco.dk\/wp-content\/uploads\/sites\/4\/2021\/01\/CamillaHvid_32165_310x420px.jpg 310w, https:\/\/www.sweco.dk\/wp-content\/uploads\/sites\/4\/2021\/01\/CamillaHvid_32165_310x420px-221x300.jpg 221w\" sizes=\"auto, (max-width: 310px) 100vw, 310px\" \/>                            <div class=\"person__content editor-content\">\n                                <p class=\"h4 hyphenate\">Camilla Hvid<\/p>                                <em>Functional Manager \/ Sustainability \/ Water &amp; Climate<\/em>\n\t\t\t\t\t\t\t\t<div class=\"person__contact\"><p><a href=\"mailto:camill&#97;&#46;hvid&#64;&#115;&#119;ec&#111;.&#100;&#107;\" class=\"person__link\"><i class=\"icon icon-envelope\"><\/i><span>camill&#97;&#46;hvid&#64;&#115;&#119;ec&#111;.&#100;&#107;<\/span><\/a><\/p><p><a href=\"tel:+45 5372 1113\" class=\"person__link\"><i class=\"icon icon-phone\"><\/i><span>+45 5372 1113<\/span><\/a><\/p><\/div>                            <\/div>\n                        <\/div>\n                    <\/div>\n\t\t\t\t            <\/div>\n        <\/div>\n    <\/section>\n\n\n    <section class=\"block block--white contacts\" >\n        <div class=\"block__inner contacts__inner\">\n            <div class=\"col--11 col--wrapper col--stretch\">\n\t\t\t\t                    <div class=\"col col--12 editor-content contacts__title\">\n\t\t\t\t\t\t<h2>For certifications of buildings in operation<\/h2>\n                    <\/div>\n\t\t\t\t\t\t\t\t                    <div class=\"col col--6 person person--card--img\">\n                        <div class=\"person__inner\">\n\t\t\t\t\t\t\t<img loading=\"lazy\" decoding=\"async\" width=\"310\" height=\"420\" src=\"https:\/\/www.sweco.dk\/wp-content\/uploads\/sites\/4\/2022\/01\/ANJJ_AnjaWintherJakobsen_10146_310x420-310x420.jpg\" class=\"attachment-people-card size-people-card wp-post-image\" alt=\"Anja Winther Jakobsen\" srcset=\"https:\/\/www.sweco.dk\/wp-content\/uploads\/sites\/4\/2022\/01\/ANJJ_AnjaWintherJakobsen_10146_310x420.jpg 310w, https:\/\/www.sweco.dk\/wp-content\/uploads\/sites\/4\/2022\/01\/ANJJ_AnjaWintherJakobsen_10146_310x420-221x300.jpg 221w\" sizes=\"auto, (max-width: 310px) 100vw, 310px\" \/>                            <div class=\"person__content editor-content\">\n                                <p class=\"h4 hyphenate\">Anja Vinther Jakobsen<\/p>                                <em>Project Manager \/ DGNB Consultant<\/em>\n\t\t\t\t\t\t\t\t<div class=\"person__contact\"><p><a href=\"mailto:&#97;nj&#97;vi&#110;t&#104;&#101;r.j&#97;&#107;ob&#115;en&#64;&#115;&#119;ec&#111;&#46;&#100;k\" class=\"person__link\"><i class=\"icon icon-envelope\"><\/i><span>&#97;nj&#97;vi&#110;t&#104;&#101;r.j&#97;&#107;ob&#115;en&#64;&#115;&#119;ec&#111;&#46;&#100;k<\/span><\/a><\/p><p><a href=\"tel:+45 5372 1217\" class=\"person__link\"><i class=\"icon icon-phone\"><\/i><span>+45 5372 1217<\/span><\/a><\/p><\/div>                            <\/div>\n                        <\/div>\n                    <\/div>\n\t\t\t\t            <\/div>\n        <\/div>\n    <\/section>\n\n\n    <section class=\"block block--white related-content\" >\n        <div class=\"block__inner related-content__inner\">\n            <div class=\"col--11 col--wrapper col--start col--stretch col--bottom \">\n                                    <div class=\"col col--12 editor-content related-content__title\">\n                        <h2 class=\"h2 hyphenate\">Related services<\/h2>                    <\/div>\n                \n                                    <div class=\"col col--4 item item--img\">\n\n                                                    <a href=\"https:\/\/www.sweco.dk\/en\/sustainability\/uns-17-global-goals\/\" title=\"UN\u2019s 17 Global Goals\" >\n                                <div class=\"item__title\">\n                                    <p class=\"h4 hyphenate\">UN\u2019s 17 Global Goals<\/p>                                    <p class=\"item__title--info\">\n                                                                                                                                                            <\/p>\n                                <\/div>\n                                <figure class=\"item__image\">\n                                    <img loading=\"lazy\" decoding=\"async\" width=\"520\" height=\"296\" src=\"https:\/\/www.sweco.dk\/wp-content\/uploads\/sites\/4\/2021\/02\/verdensmaal_cluster2-520x296.jpg\" class=\"attachment-insights-featured size-insights-featured\" alt=\"Verdensm\u00e5l p\u00e5 v\u00e6g\" \/>                                <\/figure>\n                            <\/a>\n                        \n                                            <\/div>\n                                    <div class=\"col col--4 item item--img\">\n\n                                                    <a href=\"https:\/\/www.sweco.dk\/en\/sustainability\/infrastructure\/\" title=\"Infrastructure\" >\n                                <div class=\"item__title\">\n                                    <p class=\"h4 hyphenate\">Infrastructure<\/p>                                    <p class=\"item__title--info\">\n                                                                                                                                                            <\/p>\n                                <\/div>\n                                <figure class=\"item__image\">\n                                    <img loading=\"lazy\" decoding=\"async\" width=\"520\" height=\"296\" src=\"https:\/\/www.sweco.dk\/wp-content\/uploads\/sites\/4\/2021\/02\/frederikshavnhavn_1-520x296.jpg\" class=\"attachment-insights-featured size-insights-featured\" alt=\"Frederikshavn Havn oppefra\" \/>                                <\/figure>\n                            <\/a>\n                        \n                                            <\/div>\n                                    <div class=\"col col--4 item item--img\">\n\n                                                    <a href=\"https:\/\/www.sweco.dk\/en\/sustainability\/\" title=\"Sustainability\" >\n                                <div class=\"item__title\">\n                                    <p class=\"h4 hyphenate\">Sustainability<\/p>                                    <p class=\"item__title--info\">\n                                                                                                                                                            <\/p>\n                                <\/div>\n                                <figure class=\"item__image\">\n                                    <img loading=\"lazy\" decoding=\"async\" width=\"520\" height=\"296\" src=\"https:\/\/www.sweco.dk\/wp-content\/uploads\/sites\/4\/2021\/02\/baeredygtighed_generel-520x296.jpg\" class=\"attachment-insights-featured size-insights-featured\" alt=\"Sweco HQ verdensm\u00e5l\" \/>                                <\/figure>\n                            <\/a>\n                        \n                                            <\/div>\n                \n                            <\/div>\n        <\/div>\n    <\/section>\n","protected":false},"excerpt":{"rendered":"","protected":false},"author":247,"featured_media":16812,"parent":24676,"menu_order":2,"comment_status":"closed","ping_status":"closed","template":"","meta":{"_acf_changed":false,"_seopress_robots_primary_cat":"","_seopress_titles_title":"Certifications - Sweco Denmark","_seopress_titles_desc":"Sweco is the leading consultancy firm within DGNB certifications in Denmark.","_seopress_robots_index":"","footnotes":""},"class_list":["post-24718","page","type-page","status-publish","has-post-thumbnail","hentry"],"acf":[],"_links":{"self":[{"href":"https:\/\/www.sweco.dk\/en\/wp-json\/wp\/v2\/pages\/24718","targetHints":{"allow":["GET"]}}],"collection":[{"href":"https:\/\/www.sweco.dk\/en\/wp-json\/wp\/v2\/pages"}],"about":[{"href":"https:\/\/www.sweco.dk\/en\/wp-json\/wp\/v2\/types\/page"}],"author":[{"embeddable":true,"href":"https:\/\/www.sweco.dk\/en\/wp-json\/wp\/v2\/users\/247"}],"replies":[{"embeddable":true,"href":"https:\/\/www.sweco.dk\/en\/wp-json\/wp\/v2\/comments?post=24718"}],"version-history":[{"count":14,"href":"https:\/\/www.sweco.dk\/en\/wp-json\/wp\/v2\/pages\/24718\/revisions"}],"predecessor-version":[{"id":59410,"href":"https:\/\/www.sweco.dk\/en\/wp-json\/wp\/v2\/pages\/24718\/revisions\/59410"}],"up":[{"embeddable":true,"href":"https:\/\/www.sweco.dk\/en\/wp-json\/wp\/v2\/pages\/24676"}],"wp:featuredmedia":[{"embeddable":true,"href":"https:\/\/www.sweco.dk\/en\/wp-json\/wp\/v2\/media\/16812"}],"wp:attachment":[{"href":"https:\/\/www.sweco.dk\/en\/wp-json\/wp\/v2\/media?parent=24718"}],"curies":[{"name":"wp","href":"https:\/\/api.w.org\/{rel}","templated":true}]}}