{"id":24113,"date":"2021-12-03T11:51:56","date_gmt":"2021-12-03T11:51:56","guid":{"rendered":"https:\/\/www.sweco.dk\/services\/water-energy-and-industry\/water-supply\/"},"modified":"2026-01-21T12:09:46","modified_gmt":"2026-01-21T12:09:46","slug":"water-supply","status":"publish","type":"page","link":"https:\/\/www.sweco.dk\/en\/services\/water-energy-and-industry\/water-supply\/","title":{"rendered":"Water supply"},"content":{"rendered":"<section class=\"block architects-intro block--white\" >\n\t<div class=\"block__inner architects-intro__inner\">\n\t\t<div class=\"col--11 col--start col--wrapper editor-content\">\n\t\t\t\t\t\t\t<div class=\"col col--5\">\n                    <p class=\"architect-special hyphenate\">Water, Energy &amp; Industry<\/p>\n\t\t\t\t\t<h1 class=\"h1 hyphenate\">Water supply<\/h1>\t\t\t\t<\/div>\n\t\t\t\n\t\t\t\t\t\t\t<div class=\"col col--4 push--1\">\n\t\t\t\t\t\t\t\t\t\t<p><p>In recent years, the softening of drinking water has been a major focus area for the water supply sector. We handle the design management of the entire process associated with the establishment of a new waterworks, focusing on early involvement of relevant stakeholders and partners and handling construction management during the execution of the project.<\/p>\n<p>Another important focus area is harmful substances in the groundwater, where we provide mapping services and measures to protect groundwater quantity and quality.<\/p>\n<\/p>\n\t\t\t\t\t\t\t\t\t<\/div>\n\t\t\t\n            \t\t<\/div>\n\t<\/div>\n<\/section>\n\n\n<section class=\"block block--white architect-columns\" >\n\n\t<div class=\"block__inner architect-columns__inner\">\n\t\t<div class=\"col--11 col--stretch col--wrapper architect-columns__grid\">\n\t\t\t\n\t\t\t\t<div class=\"col col--top col--6\">\n\t\t\t\t\t\t\t\t\t\t<div class=\"col__inner\" data-clickable=\"false\">\n\t\t\t\t\t\t<div class=\"col__meta\">\n\t\t\t\t\t\t\t\t\t\t\t\t\t\t\t\t\t\t\t\t\t<em class=\"title\">Modernisation of V\u00e6rket ved S\u00f8nders\u00f8<\/em><span class=\"sep\"><\/span>\n\t\t\t\t\t\t\t\t\t\t\t\t\t\t\t\t\t\t\t\t\t<em class=\"name\">S\u00f8nders\u00f8<\/em>\n\t\t\t\t\t\t\t\t\t\t\t\t\t<\/div>\n\n\t\t\t\t\t\t<img loading=\"lazy\" decoding=\"async\" width=\"800\" height=\"524\" src=\"https:\/\/www.sweco.dk\/wp-content\/uploads\/sites\/4\/2021\/02\/sondersovandvaerk1-800x524.jpg\" class=\"attachment-architect-col--big size-architect-col--big\" alt=\"S\u00f8nders\u00f8 Vandv\u00e6rk nedrives\" srcset=\"https:\/\/www.sweco.dk\/wp-content\/uploads\/sites\/4\/2021\/02\/sondersovandvaerk1-800x524.jpg 800w, https:\/\/www.sweco.dk\/wp-content\/uploads\/sites\/4\/2021\/02\/sondersovandvaerk1-300x196.jpg 300w, https:\/\/www.sweco.dk\/wp-content\/uploads\/sites\/4\/2021\/02\/sondersovandvaerk1-1024x670.jpg 1024w, https:\/\/www.sweco.dk\/wp-content\/uploads\/sites\/4\/2021\/02\/sondersovandvaerk1-768x503.jpg 768w, https:\/\/www.sweco.dk\/wp-content\/uploads\/sites\/4\/2021\/02\/sondersovandvaerk1-1536x1006.jpg 1536w, https:\/\/www.sweco.dk\/wp-content\/uploads\/sites\/4\/2021\/02\/sondersovandvaerk1-520x340.jpg 520w, https:\/\/www.sweco.dk\/wp-content\/uploads\/sites\/4\/2021\/02\/sondersovandvaerk1.jpg 1680w\" sizes=\"auto, (max-width: 800px) 100vw, 800px\" \/>\n\t\t\t\t\t\t\n\t\t\t\t\t\t\n\t\t\t\t\t<\/div>\n\t\t\t\t<\/div>\n\n\t\t\t\n\t\t\t\t<div class=\"col col--top col--6\">\n\t\t\t\t\t\t\t\t\t\t<div class=\"col__inner\" data-clickable=\"false\">\n\t\t\t\t\t\t<div class=\"col__meta\">\n\t\t\t\t\t\t\t\t\t\t\t\t\t\t\t\t\t\t\t\t\t<em class=\"title\">Improving water supply in Myanmar<\/em><span class=\"sep\"><\/span>\n\t\t\t\t\t\t\t\t\t\t\t\t\t\t\t\t\t\t\t\t\t<em class=\"name\">Myanmar<\/em>\n\t\t\t\t\t\t\t\t\t\t\t\t\t<\/div>\n\n\t\t\t\t\t\t<img loading=\"lazy\" decoding=\"async\" width=\"800\" height=\"524\" src=\"https:\/\/www.sweco.dk\/wp-content\/uploads\/sites\/4\/2021\/02\/yangon_myanmar1-800x524.jpg\" class=\"attachment-architect-col--big size-architect-col--big\" alt=\"Myanmar projekt overview 2\" srcset=\"https:\/\/www.sweco.dk\/wp-content\/uploads\/sites\/4\/2021\/02\/yangon_myanmar1-800x524.jpg 800w, https:\/\/www.sweco.dk\/wp-content\/uploads\/sites\/4\/2021\/02\/yangon_myanmar1-300x196.jpg 300w, https:\/\/www.sweco.dk\/wp-content\/uploads\/sites\/4\/2021\/02\/yangon_myanmar1-1024x670.jpg 1024w, https:\/\/www.sweco.dk\/wp-content\/uploads\/sites\/4\/2021\/02\/yangon_myanmar1-768x503.jpg 768w, https:\/\/www.sweco.dk\/wp-content\/uploads\/sites\/4\/2021\/02\/yangon_myanmar1-1536x1006.jpg 1536w, https:\/\/www.sweco.dk\/wp-content\/uploads\/sites\/4\/2021\/02\/yangon_myanmar1-520x340.jpg 520w, https:\/\/www.sweco.dk\/wp-content\/uploads\/sites\/4\/2021\/02\/yangon_myanmar1.jpg 1680w\" sizes=\"auto, (max-width: 800px) 100vw, 800px\" \/>\n\t\t\t\t\t\t\n\t\t\t\t\t\t\n\t\t\t\t\t<\/div>\n\t\t\t\t<\/div>\n\n\t\t\t\t<\/div>\n<\/section>\n\n\n<section class=\"block cb block--white\" >\n\t<div class=\"block__inner cb__inner cb__inner--one\">\n\t<div class=\"col--12 col--center col--wrapper\">\n\t\t<div class=\"col col--6 editor-content\">\n\t\t\t<p><strong>Protected areas in the vicinity of drilled wells (BNBO)<br \/>\n<\/strong>Protected areas in the vicinity of drilled wells are an important tool for municipalities when it comes to protecting the groundwater. We calculate the areas and assist municipalities with landowner negotiations based on existing data such as hydrostratigraphic models, pump data and groundwater models.<\/p>\n<p><strong>Groundwater and mapping<br \/>\n<\/strong>Mapping groundwater quantity and quality is a complex process that involves many disciplines such as planning, environmental assessments, geology, hydrogeology, modelling, groundwater chemistry etc. Sweco is a multidisciplinary company that has all the necessary expertise to handle tasks in this field.<\/p>\n<p><strong>Well fields and well field assesments<br \/>\n<\/strong>Well fields are where utilities source their \u2018raw material\u2019. We have all the necessary expertise to provide comprehensive consultancy services, including construction and process expertise, power and control, regulation and monitoring, geology, geophysics, water chemistry, modelling and planning.<\/p>\n<p><strong>Structural plans and water plans<br \/>\n<\/strong>Structural plans and water plans are the foundation for the water cycle. Both plans address future water supply requirements in terms of quantity and quality, as well as the environmental assessment of abstraction. We help our clients see the big picture and advise at the strategic and operational level. We have competent planning professionals with experience in municipal, regional and state planning and have handled many projects in this field.<\/p>\n<p><strong>Waterworks<br \/>\n<\/strong>We develop asset management investment plans for the renovation or expansion of waterworks with a focus on minimising total costs and optimising investment timing. We act as consultants to the developer, providing services ranging from conceptual proposals, sketches, detailed project planning, tendering and contracting to construction management and supervision. We draw on the specialist process optimisation and drinking water softening expertise of our Swedish colleagues who have constructed several water softening plants in Sweden.<\/p>\n<p><strong>Water pipelines<br \/>\n<\/strong>We map and prepare condition and risk assessments of existing water pipelines and plan which pipelines to renovate and replace. We also handle tendering, contracting, construction management and supervision.<\/p>\n<div class=\"buttons-wrapper buttons-wrapper--left\"><\/div>\t\t<\/div>\n\t<\/div>\n<\/div>\n<\/section>\n\n\n    <section class=\"block block--white contacts\" >\n        <div class=\"block__inner contacts__inner\">\n            <div class=\"col--11 col--wrapper col--stretch\">\n\t\t\t\t                    <div class=\"col col--12 editor-content contacts__title\">\n\t\t\t\t\t\t<h2>Contact our experts<\/h2>\n                    <\/div>\n\t\t\t\t\t\t\t\t                    <div class=\"col col--6 person person--card--img\">\n                        <div class=\"person__inner\">\n\t\t\t\t\t\t\t<img loading=\"lazy\" decoding=\"async\" width=\"310\" height=\"420\" src=\"https:\/\/www.sweco.dk\/wp-content\/uploads\/sites\/4\/2021\/01\/KlausRosendal_12343_310x420px-310x420.jpg\" class=\"attachment-people-card size-people-card wp-post-image\" alt=\"Klaus Rosendal\" srcset=\"https:\/\/www.sweco.dk\/wp-content\/uploads\/sites\/4\/2021\/01\/KlausRosendal_12343_310x420px.jpg 310w, https:\/\/www.sweco.dk\/wp-content\/uploads\/sites\/4\/2021\/01\/KlausRosendal_12343_310x420px-221x300.jpg 221w\" sizes=\"auto, (max-width: 310px) 100vw, 310px\" \/>                            <div class=\"person__content editor-content\">\n                                <p class=\"h4 hyphenate\">Klaus Rosendal<\/p>                                <em>Head of department \/ Water &amp; Climate East<\/em>\n\t\t\t\t\t\t\t\t<div class=\"person__contact\"><p><a href=\"mailto:kl&#97;&#117;s&#46;r&#111;&#115;end&#97;l&#64;sw&#101;&#99;&#111;.d&#107;\" class=\"person__link\"><i class=\"icon icon-envelope\"><\/i><span>kl&#97;&#117;s&#46;r&#111;&#115;end&#97;l&#64;sw&#101;&#99;&#111;.d&#107;<\/span><\/a><\/p><p><a href=\"tel:+45 2723 6645\" class=\"person__link\"><i class=\"icon icon-phone\"><\/i><span>+45 2723 6645<\/span><\/a><\/p><\/div>                            <\/div>\n                        <\/div>\n                    <\/div>\n\t\t\t\t                    <div class=\"col col--6 person person--card--img\">\n                        <div class=\"person__inner\">\n\t\t\t\t\t\t\t<img loading=\"lazy\" decoding=\"async\" width=\"310\" height=\"401\" src=\"https:\/\/www.sweco.dk\/wp-content\/uploads\/sites\/4\/2021\/11\/Rani-Shaba-DKSHRA-310x420px.jpg\" class=\"attachment-people-card size-people-card wp-post-image\" alt=\"Rani Shaba\" srcset=\"https:\/\/www.sweco.dk\/wp-content\/uploads\/sites\/4\/2021\/11\/Rani-Shaba-DKSHRA-310x420px.jpg 310w, https:\/\/www.sweco.dk\/wp-content\/uploads\/sites\/4\/2021\/11\/Rani-Shaba-DKSHRA-310x420px-232x300.jpg 232w\" sizes=\"auto, (max-width: 310px) 100vw, 310px\" \/>                            <div class=\"person__content editor-content\">\n                                <p class=\"h4 hyphenate\">Rani Shaba<\/p>                                <em>Head of Department \/ Water &amp; Climate \/ West<\/em>\n\t\t\t\t\t\t\t\t<div class=\"person__contact\"><p><a href=\"mailto:&#114;&#97;ni.&#115;ha&#98;a&#64;s&#119;e&#99;o&#46;&#100;k\" class=\"person__link\"><i class=\"icon icon-envelope\"><\/i><span>&#114;&#97;ni.&#115;ha&#98;a&#64;s&#119;e&#99;o&#46;&#100;k<\/span><\/a><\/p><p><a href=\"tel:+45 8228 1493\" class=\"person__link\"><i class=\"icon icon-phone\"><\/i><span>+45 8228 1493<\/span><\/a><\/p><\/div>                            <\/div>\n                        <\/div>\n                    <\/div>\n\t\t\t\t                    <div class=\"col col--6 person person--card--img\">\n                        <div class=\"person__inner\">\n\t\t\t\t\t\t\t<img loading=\"lazy\" decoding=\"async\" width=\"310\" height=\"420\" src=\"https:\/\/www.sweco.dk\/wp-content\/uploads\/sites\/4\/2021\/01\/Louise_Skytte-310x420.jpg\" class=\"attachment-people-card size-people-card wp-post-image\" alt=\"Louise Skytte\" srcset=\"https:\/\/www.sweco.dk\/wp-content\/uploads\/sites\/4\/2021\/01\/Louise_Skytte.jpg 310w, https:\/\/www.sweco.dk\/wp-content\/uploads\/sites\/4\/2021\/01\/Louise_Skytte-221x300.jpg 221w\" sizes=\"auto, (max-width: 310px) 100vw, 310px\" \/>                            <div class=\"person__content editor-content\">\n                                <p class=\"h4 hyphenate\">Louise Skytte Clausen<\/p>                                <em>Director \/ Climate, Environment &amp; Sustainability<\/em>\n\t\t\t\t\t\t\t\t<div class=\"person__contact\"><p><a href=\"mailto:&#108;o&#117;ise&#115;ky&#116;te.&#99;la&#117;s&#101;n&#64;&#115;weco&#46;&#100;k\" class=\"person__link\"><i class=\"icon icon-envelope\"><\/i><span>&#108;o&#117;ise&#115;ky&#116;te.&#99;la&#117;s&#101;n&#64;&#115;weco&#46;&#100;k<\/span><\/a><\/p><p><a href=\"tel:+45 2476 7204\" class=\"person__link\"><i class=\"icon icon-phone\"><\/i><span>+45 2476 7204<\/span><\/a><\/p><\/div>                            <\/div>\n                        <\/div>\n                    <\/div>\n\t\t\t\t            <\/div>\n        <\/div>\n    <\/section>\n\n\n    <section class=\"block block--white related-content\" >\n        <div class=\"block__inner related-content__inner\">\n            <div class=\"col--11 col--wrapper col--start col--stretch col--bottom \">\n                                    <div class=\"col col--12 editor-content related-content__title\">\n                        <h2 class=\"h2 hyphenate\">Related services<\/h2>                    <\/div>\n                \n                                    <div class=\"col col--4 item item--img\">\n\n                                                    <a href=\"https:\/\/www.sweco.dk\/en\/services\/water-energy-and-industry\/energy\/\" title=\"Energy\" >\n                                <div class=\"item__title\">\n                                    <p class=\"h4 hyphenate\">Energy<\/p>                                    <p class=\"item__title--info\">\n                                                                                                                                                            <\/p>\n                                <\/div>\n                                <figure class=\"item__image\">\n                                    <img loading=\"lazy\" decoding=\"async\" width=\"520\" height=\"296\" src=\"https:\/\/www.sweco.dk\/wp-content\/uploads\/sites\/4\/2021\/02\/skaerbaekvaerket4-2-520x296.jpg\" class=\"attachment-insights-featured size-insights-featured\" alt=\"Sk\u00e6rb\u00e6kv\u00e6rket flisbunke 5\" \/>                                <\/figure>\n                            <\/a>\n                        \n                                            <\/div>\n                                    <div class=\"col col--4 item item--img\">\n\n                                                    <a href=\"https:\/\/www.sweco.dk\/en\/services\/water-energy-and-industry\/wastewater-treatment\/\" title=\"Wastewater treatment\" >\n                                <div class=\"item__title\">\n                                    <p class=\"h4 hyphenate\">Wastewater treatment<\/p>                                    <p class=\"item__title--info\">\n                                                                                                                                                            <\/p>\n                                <\/div>\n                                <figure class=\"item__image\">\n                                    <img loading=\"lazy\" decoding=\"async\" width=\"520\" height=\"296\" src=\"https:\/\/www.sweco.dk\/wp-content\/uploads\/sites\/4\/2021\/02\/spildevand_1-520x296.jpg\" class=\"attachment-insights-featured size-insights-featured\" alt=\"R\u00f8r udleder spildevand\" \/>                                <\/figure>\n                            <\/a>\n                        \n                                            <\/div>\n                                    <div class=\"col col--4 item item--img\">\n\n                                                    <a href=\"https:\/\/www.sweco.dk\/en\/services\/water-energy-and-industry\/environment\/\" title=\"Environment\" >\n                                <div class=\"item__title\">\n                                    <p class=\"h4 hyphenate\">Environment<\/p>                                    <p class=\"item__title--info\">\n                                                                                                                                                            <\/p>\n                                <\/div>\n                                <figure class=\"item__image\">\n                                    <img loading=\"lazy\" decoding=\"async\" width=\"520\" height=\"296\" src=\"https:\/\/www.sweco.dk\/wp-content\/uploads\/sites\/4\/2022\/06\/mastrupsoerne_02-520x296.jpg\" class=\"attachment-insights-featured size-insights-featured\" alt=\"Mastrup S\u00f8erne\" \/>                                <\/figure>\n                            <\/a>\n                        \n                                            <\/div>\n                \n                            <\/div>\n        <\/div>\n    <\/section>\n","protected":false},"excerpt":{"rendered":"","protected":false},"author":247,"featured_media":11176,"parent":24005,"menu_order":2,"comment_status":"closed","ping_status":"closed","template":"","meta":{"_acf_changed":false,"_seopress_robots_primary_cat":"","_seopress_titles_title":"Water Supply - Sweco Danmark","_seopress_titles_desc":"Our water supply consultants handle the entire process by establishing a new waterworks with a focus on early involvement of relevant stakeholders.","_seopress_robots_index":"","footnotes":""},"class_list":["post-24113","page","type-page","status-publish","has-post-thumbnail","hentry"],"acf":[],"_links":{"self":[{"href":"https:\/\/www.sweco.dk\/en\/wp-json\/wp\/v2\/pages\/24113","targetHints":{"allow":["GET"]}}],"collection":[{"href":"https:\/\/www.sweco.dk\/en\/wp-json\/wp\/v2\/pages"}],"about":[{"href":"https:\/\/www.sweco.dk\/en\/wp-json\/wp\/v2\/types\/page"}],"author":[{"embeddable":true,"href":"https:\/\/www.sweco.dk\/en\/wp-json\/wp\/v2\/users\/247"}],"replies":[{"embeddable":true,"href":"https:\/\/www.sweco.dk\/en\/wp-json\/wp\/v2\/comments?post=24113"}],"version-history":[{"count":14,"href":"https:\/\/www.sweco.dk\/en\/wp-json\/wp\/v2\/pages\/24113\/revisions"}],"predecessor-version":[{"id":59427,"href":"https:\/\/www.sweco.dk\/en\/wp-json\/wp\/v2\/pages\/24113\/revisions\/59427"}],"up":[{"embeddable":true,"href":"https:\/\/www.sweco.dk\/en\/wp-json\/wp\/v2\/pages\/24005"}],"wp:featuredmedia":[{"embeddable":true,"href":"https:\/\/www.sweco.dk\/en\/wp-json\/wp\/v2\/media\/11176"}],"wp:attachment":[{"href":"https:\/\/www.sweco.dk\/en\/wp-json\/wp\/v2\/media?parent=24113"}],"curies":[{"name":"wp","href":"https:\/\/api.w.org\/{rel}","templated":true}]}}